{"id":1811,"date":"2018-04-13T21:24:40","date_gmt":"2018-04-13T19:24:40","guid":{"rendered":"https:\/\/miody-huzar.pl\/o-nas\/"},"modified":"2025-09-11T12:10:24","modified_gmt":"2025-09-11T10:10:24","slug":"about-us","status":"publish","type":"page","link":"https:\/\/miody-huzar.pl\/en\/about-us\/","title":{"rendered":"About Us"},"content":{"rendered":"<div class=\"promo-video alignright\" style=\"max-width: 100%; margin-bottom: 20px;\">\n<div style=\"width: 640px;\" class=\"wp-video\"><video class=\"wp-video-shortcode\" id=\"video-1811-1\" width=\"640\" height=\"360\" preload=\"metadata\" controls=\"controls\"><source type=\"video\/mp4\" src=\"https:\/\/miody-huzar.pl\/wp-content\/uploads\/Huzar_10.01.2020_pl.mp4?_=1\" \/><a href=\"https:\/\/miody-huzar.pl\/wp-content\/uploads\/Huzar_10.01.2020_pl.mp4\">https:\/\/miody-huzar.pl\/wp-content\/uploads\/Huzar_10.01.2020_pl.mp4<\/a><\/video><\/div>\n<\/div>\n<p>&nbsp;<\/p>\n<p>We believe that the value of a product is inseparably linked with the stability of the company and the continuity of production.<br \/>\nOur priority is continuous development, which is built on modern technologies, an extensive production infrastructure, and experienced, professional employees. These are the elements that guarantee the highest quality of our honeys.<\/p>\n<p>For years, we have been consistently investing in the growth of the company and the expansion of our production and storage facilities. As a result of successive stages of investment, the plant\u2019s area has grown to around 10,000 m\u00b2, housing modern technological lines and spacious storage halls. This enables us to meet the growing expectations of the market and ensures flexibility in fulfilling orders.<\/p>\n<p><img loading=\"lazy\" decoding=\"async\" class=\"alignleft wp-image-37014 size-image-sm\" src=\"https:\/\/miody-huzar.pl\/wp-content\/uploads\/\/FASADA-BUDYNKU-FRONT-SEPIA-690x377.jpg\" alt=\"\" width=\"690\" height=\"377\" srcset=\"https:\/\/miody-huzar.pl\/wp-content\/uploads\/FASADA-BUDYNKU-FRONT-SEPIA-690x377.jpg 690w, https:\/\/miody-huzar.pl\/wp-content\/uploads\/FASADA-BUDYNKU-FRONT-SEPIA-300x164.jpg 300w, https:\/\/miody-huzar.pl\/wp-content\/uploads\/FASADA-BUDYNKU-FRONT-SEPIA-1024x560.jpg 1024w, https:\/\/miody-huzar.pl\/wp-content\/uploads\/FASADA-BUDYNKU-FRONT-SEPIA-768x420.jpg 768w, https:\/\/miody-huzar.pl\/wp-content\/uploads\/FASADA-BUDYNKU-FRONT-SEPIA-1110x607.jpg 1110w, https:\/\/miody-huzar.pl\/wp-content\/uploads\/FASADA-BUDYNKU-FRONT-SEPIA-930x508.jpg 930w, https:\/\/miody-huzar.pl\/wp-content\/uploads\/FASADA-BUDYNKU-FRONT-SEPIA-510x279.jpg 510w, https:\/\/miody-huzar.pl\/wp-content\/uploads\/FASADA-BUDYNKU-FRONT-SEPIA-274x150.jpg 274w, https:\/\/miody-huzar.pl\/wp-content\/uploads\/FASADA-BUDYNKU-FRONT-SEPIA.jpg 1500w\" sizes=\"auto, (max-width: 690px) 100vw, 690px\" \/>Alongside the development of our infrastructure, we have consistently focused on building the Huzar brand. From the very beginning, we have carried out promotional activities to increase its recognition, and their intensification in recent years has translated into further dynamic sales growth.<\/p>\n<h3>Quality and Safety<\/h3>\n<p>The technological processes in our plant are subject to constant, strict control. In a modern laboratory, equipped with advanced equipment, a qualified team of technologists oversees the safety and quality of every batch of product. We want to be certain that our products meet the highest standards. To ensure quality and safety, in 2001 we implemented a Quality Management System in accordance with ISO 9001:2000, and two years later the Hazard Analysis and Critical Control Point system (HACCP).<\/p>\n<p><img loading=\"lazy\" decoding=\"async\" class=\"alignright wp-image-37019 size-image-xs\" src=\"https:\/\/miody-huzar.pl\/wp-content\/uploads\/\/lab-1-510x295.jpg\" alt=\"\" width=\"510\" height=\"295\" srcset=\"https:\/\/miody-huzar.pl\/wp-content\/uploads\/lab-1-510x295.jpg 510w, https:\/\/miody-huzar.pl\/wp-content\/uploads\/lab-1-300x173.jpg 300w, https:\/\/miody-huzar.pl\/wp-content\/uploads\/lab-1-1024x592.jpg 1024w, https:\/\/miody-huzar.pl\/wp-content\/uploads\/lab-1-768x444.jpg 768w, https:\/\/miody-huzar.pl\/wp-content\/uploads\/lab-1-1110x642.jpg 1110w, https:\/\/miody-huzar.pl\/wp-content\/uploads\/lab-1-930x538.jpg 930w, https:\/\/miody-huzar.pl\/wp-content\/uploads\/lab-1-690x399.jpg 690w, https:\/\/miody-huzar.pl\/wp-content\/uploads\/lab-1-260x150.jpg 260w, https:\/\/miody-huzar.pl\/wp-content\/uploads\/lab-1.jpg 1500w\" sizes=\"auto, (max-width: 510px) 100vw, 510px\" \/><\/p>\n<p>Continuing to raise our quality standards, in 2011 we implemented and certified the IFS (International Food Standard) and BRC (British Retail Consortium) standards \u2013 both requiring the highest level of care for the product. In 2013, we also obtained the Ecogwarancja PRTE Certificate of Compliance and the Kosher Certificate awarded by the Union of Jewish Religious Communities.<\/p>\n<h3><img loading=\"lazy\" decoding=\"async\" class=\"alignleft wp-image-37024 size-image-xs\" src=\"https:\/\/miody-huzar.pl\/wp-content\/uploads\/\/HUZAR-sponsor-gala-boksu-2-510x384.jpg\" alt=\"\" width=\"510\" height=\"384\" srcset=\"https:\/\/miody-huzar.pl\/wp-content\/uploads\/HUZAR-sponsor-gala-boksu-2-510x384.jpg 510w, https:\/\/miody-huzar.pl\/wp-content\/uploads\/HUZAR-sponsor-gala-boksu-2-300x226.jpg 300w, https:\/\/miody-huzar.pl\/wp-content\/uploads\/HUZAR-sponsor-gala-boksu-2-1024x771.jpg 1024w, https:\/\/miody-huzar.pl\/wp-content\/uploads\/HUZAR-sponsor-gala-boksu-2-768x578.jpg 768w, https:\/\/miody-huzar.pl\/wp-content\/uploads\/HUZAR-sponsor-gala-boksu-2-1536x1157.jpg 1536w, https:\/\/miody-huzar.pl\/wp-content\/uploads\/HUZAR-sponsor-gala-boksu-2-2048x1543.jpg 2048w, https:\/\/miody-huzar.pl\/wp-content\/uploads\/HUZAR-sponsor-gala-boksu-2-1110x836.jpg 1110w, https:\/\/miody-huzar.pl\/wp-content\/uploads\/HUZAR-sponsor-gala-boksu-2-930x701.jpg 930w, https:\/\/miody-huzar.pl\/wp-content\/uploads\/HUZAR-sponsor-gala-boksu-2-690x520.jpg 690w, https:\/\/miody-huzar.pl\/wp-content\/uploads\/HUZAR-sponsor-gala-boksu-2-199x150.jpg 199w\" sizes=\"auto, (max-width: 510px) 100vw, 510px\" \/>Passion, Movement, and the Sweetness of Life<\/h3>\n<p>For years, we have also been involved in sponsorships and projects supporting the local community. We believe that business should not only offer products of the highest quality, but also bring value to the environment in which it operates. That is why we actively support sport \u2013 sponsoring both competitions and individual athletes, helping them develop their passion and achieve further success.<\/p>\n<p>We maintain long-term cooperation with the Fight House martial arts club, and we also support running events organized by Ma\u0142opolska Biega, such as Przehyba Trail, Ultra Miles of Beskid Wyspowy, and Ultra \u015awir. We are also proud to work with the Sandecja Nowy S\u0105cz Municipal Sports Club \u2013 one of the oldest and most recognizable clubs in the region (founded in 1910).<\/p>\n<p>We do not forget about young athletes either, giving them the opportunity to grow, because we believe that sport \u2013 like honey \u2013 is a source of health, energy, and inner strength worth nurturing.<\/p>\n<h3>Awards and Distinctions<\/h3>\n<p>Throughout nearly three decades of our activity, we have received numerous awards and distinctions that confirm the quality of our products and the trust of our customers. Among them are such titles as Kapelusz Merkurego, Statuetka Hipolita, Gazele Biznesu, Consumer and Polish Quality Mark, as well as recognitions in the categories Leader of a Good Brand and Leader of Quality.<\/p>\n<p>We have also been recognized in prestigious business competitions \u2013 receiving, among others, the titles of Efficient Company, Dynamic Company, National Laureate of Agroliga, as well as the Golden Emblem Highest Quality \u2013 Quality International certificate.<\/p>\n<p>We have also been listed in rankings of the largest Polish brands \u2013 honored, among others, in the Forbes Diamonds ranking, with the 30th Anniversary Diamond of Polish Transformation award, and with the titles Good Brand \u2013 Quality, Trust, Reputation as well as Polish Good Brand.<\/p>\n<p>However, the most important distinction for the Huzar Honey brand is the satisfaction of our customers.<\/p>\n","protected":false},"excerpt":{"rendered":"<p>https:\/\/miody-huzar.pl\/wp-content\/uploads\/Huzar_10.01.2020_pl.mp4 &nbsp; We believe that the value of a product is inseparably linked with the stability of the company and the continuity of production. Our priority is continuous development, which is built on modern technologies, an extensive production infrastructure, and experienced, professional employees. These are the elements that guarantee the highest quality of our honeys. [&hellip;]<\/p>\n","protected":false},"author":1,"featured_media":2119,"parent":0,"menu_order":0,"comment_status":"closed","ping_status":"closed","template":"","meta":{"_acf_changed":false,"footnotes":""},"class_list":["post-1811","page","type-page","status-publish","has-post-thumbnail","hentry"],"acf":[],"yoast_head":"<!-- This site is optimized with the Yoast SEO plugin v25.9 - https:\/\/yoast.com\/wordpress\/plugins\/seo\/ -->\n<title>About Us - Huzar Sp. z o.o.- Natural honey production and trading<\/title>\n<meta name=\"description\" content=\"Huzar company is a family-owned business with a Polish capital which for more than 20 years constantly handles preparing the highest quality honey.\" \/>\n<meta name=\"robots\" content=\"index, follow, max-snippet:-1, max-image-preview:large, max-video-preview:-1\" \/>\n<link rel=\"canonical\" href=\"https:\/\/miody-huzar.pl\/en\/about-us\/\" \/>\n<meta property=\"og:locale\" content=\"en_US\" \/>\n<meta property=\"og:type\" content=\"article\" \/>\n<meta property=\"og:title\" content=\"About Us - Huzar Sp. z o.o.- Natural honey production and trading\" \/>\n<meta property=\"og:description\" content=\"Huzar company is a family-owned business with a Polish capital which for more than 20 years constantly handles preparing the highest quality honey.\" \/>\n<meta property=\"og:url\" content=\"https:\/\/miody-huzar.pl\/en\/about-us\/\" \/>\n<meta property=\"og:site_name\" content=\"Huzar Sp. z o.o.\" \/>\n<meta property=\"article:publisher\" content=\"https:\/\/www.facebook.com\/miodyhuzar\/\" \/>\n<meta property=\"article:modified_time\" content=\"2025-09-11T10:10:24+00:00\" \/>\n<meta property=\"og:image\" content=\"https:\/\/miody-huzar.pl\/wp-content\/uploads\/o-nas.jpg\" \/>\n\t<meta property=\"og:image:width\" content=\"1920\" \/>\n\t<meta property=\"og:image:height\" content=\"180\" \/>\n\t<meta property=\"og:image:type\" content=\"image\/jpeg\" \/>\n<meta name=\"twitter:card\" content=\"summary_large_image\" \/>\n<meta name=\"twitter:label1\" content=\"Est. reading time\" \/>\n\t<meta name=\"twitter:data1\" content=\"5 minutes\" \/>\n<script type=\"application\/ld+json\" class=\"yoast-schema-graph\">{\"@context\":\"https:\/\/schema.org\",\"@graph\":[{\"@type\":\"WebPage\",\"@id\":\"https:\/\/miody-huzar.pl\/en\/about-us\/\",\"url\":\"https:\/\/miody-huzar.pl\/en\/about-us\/\",\"name\":\"About Us - Huzar Sp. z o.o.- Natural honey production and trading\",\"isPartOf\":{\"@id\":\"https:\/\/miody-huzar.pl\/en\/#website\"},\"primaryImageOfPage\":{\"@id\":\"https:\/\/miody-huzar.pl\/en\/about-us\/#primaryimage\"},\"image\":{\"@id\":\"https:\/\/miody-huzar.pl\/en\/about-us\/#primaryimage\"},\"thumbnailUrl\":\"https:\/\/miody-huzar.pl\/wp-content\/uploads\/o-nas.jpg\",\"datePublished\":\"2018-04-13T19:24:40+00:00\",\"dateModified\":\"2025-09-11T10:10:24+00:00\",\"description\":\"Huzar company is a family-owned business with a Polish capital which for more than 20 years constantly handles preparing the highest quality honey.\",\"breadcrumb\":{\"@id\":\"https:\/\/miody-huzar.pl\/en\/about-us\/#breadcrumb\"},\"inLanguage\":\"en-US\",\"potentialAction\":[{\"@type\":\"ReadAction\",\"target\":[\"https:\/\/miody-huzar.pl\/en\/about-us\/\"]}]},{\"@type\":\"ImageObject\",\"inLanguage\":\"en-US\",\"@id\":\"https:\/\/miody-huzar.pl\/en\/about-us\/#primaryimage\",\"url\":\"https:\/\/miody-huzar.pl\/wp-content\/uploads\/o-nas.jpg\",\"contentUrl\":\"https:\/\/miody-huzar.pl\/wp-content\/uploads\/o-nas.jpg\",\"width\":1920,\"height\":180,\"caption\":\"Baner g\u0142\u00f3wny O NAS\"},{\"@type\":\"BreadcrumbList\",\"@id\":\"https:\/\/miody-huzar.pl\/en\/about-us\/#breadcrumb\",\"itemListElement\":[{\"@type\":\"ListItem\",\"position\":1,\"name\":\"Strona g\u0142\u00f3wna\",\"item\":\"https:\/\/miody-huzar.pl\/en\/\"},{\"@type\":\"ListItem\",\"position\":2,\"name\":\"About Us\"}]},{\"@type\":\"WebSite\",\"@id\":\"https:\/\/miody-huzar.pl\/en\/#website\",\"url\":\"https:\/\/miody-huzar.pl\/en\/\",\"name\":\"Miody Huzar - polski producent miodu\",\"description\":\"Miody Huzar\",\"publisher\":{\"@id\":\"https:\/\/miody-huzar.pl\/en\/#organization\"},\"potentialAction\":[{\"@type\":\"SearchAction\",\"target\":{\"@type\":\"EntryPoint\",\"urlTemplate\":\"https:\/\/miody-huzar.pl\/en\/?s={search_term_string}\"},\"query-input\":{\"@type\":\"PropertyValueSpecification\",\"valueRequired\":true,\"valueName\":\"search_term_string\"}}],\"inLanguage\":\"en-US\"},{\"@type\":\"Organization\",\"@id\":\"https:\/\/miody-huzar.pl\/en\/#organization\",\"name\":\"Miody Huzar Sp. z o.o.\",\"url\":\"https:\/\/miody-huzar.pl\/en\/\",\"logo\":{\"@type\":\"ImageObject\",\"inLanguage\":\"en-US\",\"@id\":\"https:\/\/miody-huzar.pl\/en\/#\/schema\/logo\/image\/\",\"url\":\"https:\/\/miody-huzar.pl\/wp-content\/uploads\/cropped-logo-Huzar-33.png\",\"contentUrl\":\"https:\/\/miody-huzar.pl\/wp-content\/uploads\/cropped-logo-Huzar-33.png\",\"width\":230,\"height\":43,\"caption\":\"Miody Huzar Sp. z o.o.\"},\"image\":{\"@id\":\"https:\/\/miody-huzar.pl\/en\/#\/schema\/logo\/image\/\"},\"sameAs\":[\"https:\/\/www.facebook.com\/miodyhuzar\/\",\"https:\/\/www.instagram.com\/miodyhuzar\/\",\"https:\/\/www.linkedin.com\/company\/miody-huzar\/\"]}]}<\/script>\n<!-- \/ Yoast SEO plugin. -->","yoast_head_json":{"title":"About Us - Huzar Sp. z o.o.- Natural honey production and trading","description":"Huzar company is a family-owned business with a Polish capital which for more than 20 years constantly handles preparing the highest quality honey.","robots":{"index":"index","follow":"follow","max-snippet":"max-snippet:-1","max-image-preview":"max-image-preview:large","max-video-preview":"max-video-preview:-1"},"canonical":"https:\/\/miody-huzar.pl\/en\/about-us\/","og_locale":"en_US","og_type":"article","og_title":"About Us - Huzar Sp. z o.o.- Natural honey production and trading","og_description":"Huzar company is a family-owned business with a Polish capital which for more than 20 years constantly handles preparing the highest quality honey.","og_url":"https:\/\/miody-huzar.pl\/en\/about-us\/","og_site_name":"Huzar Sp. z o.o.","article_publisher":"https:\/\/www.facebook.com\/miodyhuzar\/","article_modified_time":"2025-09-11T10:10:24+00:00","og_image":[{"width":1920,"height":180,"url":"https:\/\/miody-huzar.pl\/wp-content\/uploads\/o-nas.jpg","type":"image\/jpeg"}],"twitter_card":"summary_large_image","twitter_misc":{"Est. reading time":"5 minutes"},"schema":{"@context":"https:\/\/schema.org","@graph":[{"@type":"WebPage","@id":"https:\/\/miody-huzar.pl\/en\/about-us\/","url":"https:\/\/miody-huzar.pl\/en\/about-us\/","name":"About Us - Huzar Sp. z o.o.- Natural honey production and trading","isPartOf":{"@id":"https:\/\/miody-huzar.pl\/en\/#website"},"primaryImageOfPage":{"@id":"https:\/\/miody-huzar.pl\/en\/about-us\/#primaryimage"},"image":{"@id":"https:\/\/miody-huzar.pl\/en\/about-us\/#primaryimage"},"thumbnailUrl":"https:\/\/miody-huzar.pl\/wp-content\/uploads\/o-nas.jpg","datePublished":"2018-04-13T19:24:40+00:00","dateModified":"2025-09-11T10:10:24+00:00","description":"Huzar company is a family-owned business with a Polish capital which for more than 20 years constantly handles preparing the highest quality honey.","breadcrumb":{"@id":"https:\/\/miody-huzar.pl\/en\/about-us\/#breadcrumb"},"inLanguage":"en-US","potentialAction":[{"@type":"ReadAction","target":["https:\/\/miody-huzar.pl\/en\/about-us\/"]}]},{"@type":"ImageObject","inLanguage":"en-US","@id":"https:\/\/miody-huzar.pl\/en\/about-us\/#primaryimage","url":"https:\/\/miody-huzar.pl\/wp-content\/uploads\/o-nas.jpg","contentUrl":"https:\/\/miody-huzar.pl\/wp-content\/uploads\/o-nas.jpg","width":1920,"height":180,"caption":"Baner g\u0142\u00f3wny O NAS"},{"@type":"BreadcrumbList","@id":"https:\/\/miody-huzar.pl\/en\/about-us\/#breadcrumb","itemListElement":[{"@type":"ListItem","position":1,"name":"Strona g\u0142\u00f3wna","item":"https:\/\/miody-huzar.pl\/en\/"},{"@type":"ListItem","position":2,"name":"About Us"}]},{"@type":"WebSite","@id":"https:\/\/miody-huzar.pl\/en\/#website","url":"https:\/\/miody-huzar.pl\/en\/","name":"Miody Huzar - polski producent miodu","description":"Miody Huzar","publisher":{"@id":"https:\/\/miody-huzar.pl\/en\/#organization"},"potentialAction":[{"@type":"SearchAction","target":{"@type":"EntryPoint","urlTemplate":"https:\/\/miody-huzar.pl\/en\/?s={search_term_string}"},"query-input":{"@type":"PropertyValueSpecification","valueRequired":true,"valueName":"search_term_string"}}],"inLanguage":"en-US"},{"@type":"Organization","@id":"https:\/\/miody-huzar.pl\/en\/#organization","name":"Miody Huzar Sp. z o.o.","url":"https:\/\/miody-huzar.pl\/en\/","logo":{"@type":"ImageObject","inLanguage":"en-US","@id":"https:\/\/miody-huzar.pl\/en\/#\/schema\/logo\/image\/","url":"https:\/\/miody-huzar.pl\/wp-content\/uploads\/cropped-logo-Huzar-33.png","contentUrl":"https:\/\/miody-huzar.pl\/wp-content\/uploads\/cropped-logo-Huzar-33.png","width":230,"height":43,"caption":"Miody Huzar Sp. z o.o."},"image":{"@id":"https:\/\/miody-huzar.pl\/en\/#\/schema\/logo\/image\/"},"sameAs":["https:\/\/www.facebook.com\/miodyhuzar\/","https:\/\/www.instagram.com\/miodyhuzar\/","https:\/\/www.linkedin.com\/company\/miody-huzar\/"]}]}},"_links":{"self":[{"href":"https:\/\/miody-huzar.pl\/en\/wp-json\/wp\/v2\/pages\/1811","targetHints":{"allow":["GET"]}}],"collection":[{"href":"https:\/\/miody-huzar.pl\/en\/wp-json\/wp\/v2\/pages"}],"about":[{"href":"https:\/\/miody-huzar.pl\/en\/wp-json\/wp\/v2\/types\/page"}],"author":[{"embeddable":true,"href":"https:\/\/miody-huzar.pl\/en\/wp-json\/wp\/v2\/users\/1"}],"replies":[{"embeddable":true,"href":"https:\/\/miody-huzar.pl\/en\/wp-json\/wp\/v2\/comments?post=1811"}],"version-history":[{"count":22,"href":"https:\/\/miody-huzar.pl\/en\/wp-json\/wp\/v2\/pages\/1811\/revisions"}],"predecessor-version":[{"id":37340,"href":"https:\/\/miody-huzar.pl\/en\/wp-json\/wp\/v2\/pages\/1811\/revisions\/37340"}],"wp:featuredmedia":[{"embeddable":true,"href":"https:\/\/miody-huzar.pl\/en\/wp-json\/wp\/v2\/media\/2119"}],"wp:attachment":[{"href":"https:\/\/miody-huzar.pl\/en\/wp-json\/wp\/v2\/media?parent=1811"}],"curies":[{"name":"wp","href":"https:\/\/api.w.org\/{rel}","templated":true}]}}