{"id":154,"date":"2023-06-07T15:32:40","date_gmt":"2023-06-07T13:32:40","guid":{"rendered":"https:\/\/miody-huzar.pl\/sklep\/?page_id=154"},"modified":"2023-08-29T10:14:22","modified_gmt":"2023-08-29T08:14:22","slug":"metody-platnosci","status":"publish","type":"page","link":"https:\/\/miody-huzar.pl\/sklep\/metody-platnosci\/","title":{"rendered":"Metody p\u0142atno\u015bci"},"content":{"rendered":"<p><\/p><p>W ramach funkcjonowania Sklepu mo\u017cliwe s\u0105 nast\u0119puj\u0105ce sposoby p\u0142atno\u015bci:<\/p><ul class=\"wp-block-list\"><li>szybkim przelewem<\/li>\n\n<li>blik<\/li><\/ul><p>Bezpieczne p\u0142atno\u015bci online realizowane s\u0105 przez: <\/p><figure class=\"wp-block-image size-full\"><img loading=\"lazy\" decoding=\"async\" width=\"800\" height=\"132\" src=\"https:\/\/miody-huzar.pl\/sklep\/wp-content\/uploads\/2023\/08\/800x132-bankpay.png\" alt=\"\" class=\"wp-image-295\" srcset=\"https:\/\/miody-huzar.pl\/sklep\/wp-content\/uploads\/2023\/08\/800x132-bankpay.png 800w, https:\/\/miody-huzar.pl\/sklep\/wp-content\/uploads\/2023\/08\/800x132-bankpay-300x50.png 300w, https:\/\/miody-huzar.pl\/sklep\/wp-content\/uploads\/2023\/08\/800x132-bankpay-768x127.png 768w, https:\/\/miody-huzar.pl\/sklep\/wp-content\/uploads\/2023\/08\/800x132-bankpay-324x53.png 324w, https:\/\/miody-huzar.pl\/sklep\/wp-content\/uploads\/2023\/08\/800x132-bankpay-416x69.png 416w\" sizes=\"auto, (max-width: 800px) 100vw, 800px\" \/><\/figure>","protected":false},"excerpt":{"rendered":"<p>W ramach funkcjonowania Sklepu mo\u017cliwe s\u0105 nast\u0119puj\u0105ce sposoby p\u0142atno\u015bci: Bezpieczne p\u0142atno\u015bci online realizowane s\u0105 przez:<\/p>\n","protected":false},"author":1,"featured_media":0,"parent":0,"menu_order":0,"comment_status":"closed","ping_status":"closed","template":"","meta":{"_acf_changed":false,"footnotes":""},"class_list":["post-154","page","type-page","status-publish","hentry"],"acf":[],"yoast_head":"<!-- This site is optimized with the Yoast SEO plugin v24.8.1 - https:\/\/yoast.com\/wordpress\/plugins\/seo\/ -->\n<title>Metody p\u0142atno\u015bci - Sklep Miody Huzar<\/title>\n<meta name=\"robots\" content=\"index, follow, max-snippet:-1, max-image-preview:large, max-video-preview:-1\" \/>\n<link rel=\"canonical\" href=\"https:\/\/miody-huzar.pl\/sklep\/metody-platnosci\/\" \/>\n<meta property=\"og:locale\" content=\"pl_PL\" \/>\n<meta property=\"og:type\" content=\"article\" \/>\n<meta property=\"og:title\" content=\"Metody p\u0142atno\u015bci - Sklep Miody Huzar\" \/>\n<meta property=\"og:description\" content=\"W ramach funkcjonowania Sklepu mo\u017cliwe s\u0105 nast\u0119puj\u0105ce sposoby p\u0142atno\u015bci: Bezpieczne p\u0142atno\u015bci online realizowane s\u0105 przez:\" \/>\n<meta property=\"og:url\" content=\"https:\/\/miody-huzar.pl\/sklep\/metody-platnosci\/\" \/>\n<meta property=\"og:site_name\" content=\"Sklep Miody Huzar\" \/>\n<meta property=\"article:publisher\" content=\"https:\/\/www.facebook.com\/miodyhuzar\/\" \/>\n<meta property=\"article:modified_time\" content=\"2023-08-29T08:14:22+00:00\" \/>\n<meta property=\"og:image\" content=\"https:\/\/miody-huzar.pl\/sklep\/wp-content\/uploads\/2023\/08\/800x132-bankpay.png\" \/>\n<meta name=\"twitter:card\" content=\"summary_large_image\" \/>\n<meta name=\"twitter:label1\" content=\"Szacowany czas czytania\" \/>\n\t<meta name=\"twitter:data1\" content=\"1 minuta\" \/>\n<script type=\"application\/ld+json\" class=\"yoast-schema-graph\">{\"@context\":\"https:\/\/schema.org\",\"@graph\":[{\"@type\":\"WebPage\",\"@id\":\"https:\/\/miody-huzar.pl\/sklep\/metody-platnosci\/\",\"url\":\"https:\/\/miody-huzar.pl\/sklep\/metody-platnosci\/\",\"name\":\"Metody p\u0142atno\u015bci - Sklep Miody Huzar\",\"isPartOf\":{\"@id\":\"https:\/\/miody-huzar.pl\/sklep\/#website\"},\"primaryImageOfPage\":{\"@id\":\"https:\/\/miody-huzar.pl\/sklep\/metody-platnosci\/#primaryimage\"},\"image\":{\"@id\":\"https:\/\/miody-huzar.pl\/sklep\/metody-platnosci\/#primaryimage\"},\"thumbnailUrl\":\"https:\/\/miody-huzar.pl\/sklep\/wp-content\/uploads\/2023\/08\/800x132-bankpay.png\",\"datePublished\":\"2023-06-07T13:32:40+00:00\",\"dateModified\":\"2023-08-29T08:14:22+00:00\",\"breadcrumb\":{\"@id\":\"https:\/\/miody-huzar.pl\/sklep\/metody-platnosci\/#breadcrumb\"},\"inLanguage\":\"pl-PL\",\"potentialAction\":[{\"@type\":\"ReadAction\",\"target\":[\"https:\/\/miody-huzar.pl\/sklep\/metody-platnosci\/\"]}]},{\"@type\":\"ImageObject\",\"inLanguage\":\"pl-PL\",\"@id\":\"https:\/\/miody-huzar.pl\/sklep\/metody-platnosci\/#primaryimage\",\"url\":\"https:\/\/miody-huzar.pl\/sklep\/wp-content\/uploads\/2023\/08\/800x132-bankpay.png\",\"contentUrl\":\"https:\/\/miody-huzar.pl\/sklep\/wp-content\/uploads\/2023\/08\/800x132-bankpay.png\",\"width\":800,\"height\":132},{\"@type\":\"BreadcrumbList\",\"@id\":\"https:\/\/miody-huzar.pl\/sklep\/metody-platnosci\/#breadcrumb\",\"itemListElement\":[{\"@type\":\"ListItem\",\"position\":1,\"name\":\"Strona g\u0142\u00f3wna\",\"item\":\"https:\/\/miody-huzar.pl\/sklep\/\"},{\"@type\":\"ListItem\",\"position\":2,\"name\":\"Metody p\u0142atno\u015bci\"}]},{\"@type\":\"WebSite\",\"@id\":\"https:\/\/miody-huzar.pl\/sklep\/#website\",\"url\":\"https:\/\/miody-huzar.pl\/sklep\/\",\"name\":\"Sklep Miody Huzar\",\"description\":\"\",\"publisher\":{\"@id\":\"https:\/\/miody-huzar.pl\/sklep\/#organization\"},\"potentialAction\":[{\"@type\":\"SearchAction\",\"target\":{\"@type\":\"EntryPoint\",\"urlTemplate\":\"https:\/\/miody-huzar.pl\/sklep\/?s={search_term_string}\"},\"query-input\":{\"@type\":\"PropertyValueSpecification\",\"valueRequired\":true,\"valueName\":\"search_term_string\"}}],\"inLanguage\":\"pl-PL\"},{\"@type\":\"Organization\",\"@id\":\"https:\/\/miody-huzar.pl\/sklep\/#organization\",\"name\":\"Huzar Sp. z o.o.\",\"url\":\"https:\/\/miody-huzar.pl\/sklep\/\",\"logo\":{\"@type\":\"ImageObject\",\"inLanguage\":\"pl-PL\",\"@id\":\"https:\/\/miody-huzar.pl\/sklep\/#\/schema\/logo\/image\/\",\"url\":\"https:\/\/miody-huzar.pl\/sklep\/wp-content\/uploads\/2026\/02\/cropped-logo-Huzar-33.png\",\"contentUrl\":\"https:\/\/miody-huzar.pl\/sklep\/wp-content\/uploads\/2026\/02\/cropped-logo-Huzar-33.png\",\"width\":1826,\"height\":342,\"caption\":\"Huzar Sp. z o.o.\"},\"image\":{\"@id\":\"https:\/\/miody-huzar.pl\/sklep\/#\/schema\/logo\/image\/\"},\"sameAs\":[\"https:\/\/www.facebook.com\/miodyhuzar\/\",\"https:\/\/www.instagram.com\/miodyhuzar\/\",\"https:\/\/www.linkedin.com\/company\/miody-huzar\/\"]}]}<\/script>\n<!-- \/ Yoast SEO plugin. -->","yoast_head_json":{"title":"Metody p\u0142atno\u015bci - Sklep Miody Huzar","robots":{"index":"index","follow":"follow","max-snippet":"max-snippet:-1","max-image-preview":"max-image-preview:large","max-video-preview":"max-video-preview:-1"},"canonical":"https:\/\/miody-huzar.pl\/sklep\/metody-platnosci\/","og_locale":"pl_PL","og_type":"article","og_title":"Metody p\u0142atno\u015bci - Sklep Miody Huzar","og_description":"W ramach funkcjonowania Sklepu mo\u017cliwe s\u0105 nast\u0119puj\u0105ce sposoby p\u0142atno\u015bci: Bezpieczne p\u0142atno\u015bci online realizowane s\u0105 przez:","og_url":"https:\/\/miody-huzar.pl\/sklep\/metody-platnosci\/","og_site_name":"Sklep Miody Huzar","article_publisher":"https:\/\/www.facebook.com\/miodyhuzar\/","article_modified_time":"2023-08-29T08:14:22+00:00","og_image":[{"url":"https:\/\/miody-huzar.pl\/sklep\/wp-content\/uploads\/2023\/08\/800x132-bankpay.png","type":"","width":"","height":""}],"twitter_card":"summary_large_image","twitter_misc":{"Szacowany czas czytania":"1 minuta"},"schema":{"@context":"https:\/\/schema.org","@graph":[{"@type":"WebPage","@id":"https:\/\/miody-huzar.pl\/sklep\/metody-platnosci\/","url":"https:\/\/miody-huzar.pl\/sklep\/metody-platnosci\/","name":"Metody p\u0142atno\u015bci - Sklep Miody Huzar","isPartOf":{"@id":"https:\/\/miody-huzar.pl\/sklep\/#website"},"primaryImageOfPage":{"@id":"https:\/\/miody-huzar.pl\/sklep\/metody-platnosci\/#primaryimage"},"image":{"@id":"https:\/\/miody-huzar.pl\/sklep\/metody-platnosci\/#primaryimage"},"thumbnailUrl":"https:\/\/miody-huzar.pl\/sklep\/wp-content\/uploads\/2023\/08\/800x132-bankpay.png","datePublished":"2023-06-07T13:32:40+00:00","dateModified":"2023-08-29T08:14:22+00:00","breadcrumb":{"@id":"https:\/\/miody-huzar.pl\/sklep\/metody-platnosci\/#breadcrumb"},"inLanguage":"pl-PL","potentialAction":[{"@type":"ReadAction","target":["https:\/\/miody-huzar.pl\/sklep\/metody-platnosci\/"]}]},{"@type":"ImageObject","inLanguage":"pl-PL","@id":"https:\/\/miody-huzar.pl\/sklep\/metody-platnosci\/#primaryimage","url":"https:\/\/miody-huzar.pl\/sklep\/wp-content\/uploads\/2023\/08\/800x132-bankpay.png","contentUrl":"https:\/\/miody-huzar.pl\/sklep\/wp-content\/uploads\/2023\/08\/800x132-bankpay.png","width":800,"height":132},{"@type":"BreadcrumbList","@id":"https:\/\/miody-huzar.pl\/sklep\/metody-platnosci\/#breadcrumb","itemListElement":[{"@type":"ListItem","position":1,"name":"Strona g\u0142\u00f3wna","item":"https:\/\/miody-huzar.pl\/sklep\/"},{"@type":"ListItem","position":2,"name":"Metody p\u0142atno\u015bci"}]},{"@type":"WebSite","@id":"https:\/\/miody-huzar.pl\/sklep\/#website","url":"https:\/\/miody-huzar.pl\/sklep\/","name":"Sklep Miody Huzar","description":"","publisher":{"@id":"https:\/\/miody-huzar.pl\/sklep\/#organization"},"potentialAction":[{"@type":"SearchAction","target":{"@type":"EntryPoint","urlTemplate":"https:\/\/miody-huzar.pl\/sklep\/?s={search_term_string}"},"query-input":{"@type":"PropertyValueSpecification","valueRequired":true,"valueName":"search_term_string"}}],"inLanguage":"pl-PL"},{"@type":"Organization","@id":"https:\/\/miody-huzar.pl\/sklep\/#organization","name":"Huzar Sp. z o.o.","url":"https:\/\/miody-huzar.pl\/sklep\/","logo":{"@type":"ImageObject","inLanguage":"pl-PL","@id":"https:\/\/miody-huzar.pl\/sklep\/#\/schema\/logo\/image\/","url":"https:\/\/miody-huzar.pl\/sklep\/wp-content\/uploads\/2026\/02\/cropped-logo-Huzar-33.png","contentUrl":"https:\/\/miody-huzar.pl\/sklep\/wp-content\/uploads\/2026\/02\/cropped-logo-Huzar-33.png","width":1826,"height":342,"caption":"Huzar Sp. z o.o."},"image":{"@id":"https:\/\/miody-huzar.pl\/sklep\/#\/schema\/logo\/image\/"},"sameAs":["https:\/\/www.facebook.com\/miodyhuzar\/","https:\/\/www.instagram.com\/miodyhuzar\/","https:\/\/www.linkedin.com\/company\/miody-huzar\/"]}]}},"_links":{"self":[{"href":"https:\/\/miody-huzar.pl\/sklep\/wp-json\/wp\/v2\/pages\/154","targetHints":{"allow":["GET"]}}],"collection":[{"href":"https:\/\/miody-huzar.pl\/sklep\/wp-json\/wp\/v2\/pages"}],"about":[{"href":"https:\/\/miody-huzar.pl\/sklep\/wp-json\/wp\/v2\/types\/page"}],"author":[{"embeddable":true,"href":"https:\/\/miody-huzar.pl\/sklep\/wp-json\/wp\/v2\/users\/1"}],"replies":[{"embeddable":true,"href":"https:\/\/miody-huzar.pl\/sklep\/wp-json\/wp\/v2\/comments?post=154"}],"version-history":[{"count":5,"href":"https:\/\/miody-huzar.pl\/sklep\/wp-json\/wp\/v2\/pages\/154\/revisions"}],"predecessor-version":[{"id":296,"href":"https:\/\/miody-huzar.pl\/sklep\/wp-json\/wp\/v2\/pages\/154\/revisions\/296"}],"wp:attachment":[{"href":"https:\/\/miody-huzar.pl\/sklep\/wp-json\/wp\/v2\/media?parent=154"}],"curies":[{"name":"wp","href":"https:\/\/api.w.org\/{rel}","templated":true}]}}