{"id":156,"date":"2023-06-07T15:32:52","date_gmt":"2023-06-07T13:32:52","guid":{"rendered":"https:\/\/miody-huzar.pl\/sklep\/?page_id=156"},"modified":"2024-01-15T12:59:55","modified_gmt":"2024-01-15T11:59:55","slug":"dostawa","status":"publish","type":"page","link":"https:\/\/miody-huzar.pl\/sklep\/dostawa\/","title":{"rendered":"Dostawa"},"content":{"rendered":"<p><\/p><p>Czas oczekiwania na przesy\u0142k\u0119 wynosi zwykle do 5 dni roboczych. Na czas oczekiwania sk\u0142ada si\u0119 czas realizacji zam\u00f3wienia, a wi\u0119c skompletowanie towar\u00f3w do zam\u00f3wienia oraz przewidywany czas dostawy zale\u017cny od firmy kurierskiej.<\/p><figure class=\"wp-block-table\"><table class=\"has-fixed-layout\"><thead><tr><th><\/th><th>Cena<\/th><th>Czas dostawy<\/th><\/tr><\/thead><tbody><tr><td>Paczkomat Inpost<\/td><td>14,90 PLN<\/td><td>1-2 dni<\/td><\/tr><tr><td>Kurier Inpost<\/td><td>14,90 PLN<\/td><td>1-3 dni<\/td><\/tr><tr><td>Kurier DPD<br><br>Odbi\u00f3r osobisty<\/td><td>18,90 PLN<br><br>0 PLN<\/td><td>1-3 dni<br><br>1-3 dni<\/td><\/tr><\/tbody><\/table><\/figure><p><strong>DARMOWA DOSTAWA!!!<\/strong><br>Przy zam\u00f3wieniach powy\u017cej 150 PLN za po\u015brednictwem kuriera lub paczkomatu.<\/p><p>Po wybraniu opcji odbi\u00f3r osobisty w siedzibie producenta w Nowym S\u0105czu na ul. Tarnowskiej 161.<\/p><p><\/p><p>Zam\u00f3wienia sk\u0142adane w Sklepie s\u0105 realizowane wy\u0142\u0105cznie w dni robocze. Zam\u00f3wienia sk\u0142adane w soboty, niedziele i \u015bwi\u0119ta b\u0119d\u0105 zrealizowane od najbli\u017cszego dnia roboczego.<\/p>","protected":false},"excerpt":{"rendered":"<p>Czas oczekiwania na przesy\u0142k\u0119 wynosi zwykle do 5 dni roboczych. Na czas oczekiwania sk\u0142ada si\u0119 czas realizacji zam\u00f3wienia, a wi\u0119c skompletowanie towar\u00f3w do zam\u00f3wienia oraz przewidywany czas dostawy zale\u017cny od firmy kurierskiej. Cena Czas dostawy Paczkomat Inpost 14,90 PLN 1-2 dni Kurier Inpost 14,90 PLN 1-3 dni Kurier DPD Odbi\u00f3r osobisty 18,90 PLN 0 PLN [&hellip;]<\/p>\n","protected":false},"author":1,"featured_media":0,"parent":0,"menu_order":0,"comment_status":"closed","ping_status":"closed","template":"","meta":{"_acf_changed":false,"footnotes":""},"class_list":["post-156","page","type-page","status-publish","hentry"],"acf":[],"yoast_head":"<!-- This site is optimized with the Yoast SEO plugin v24.8.1 - https:\/\/yoast.com\/wordpress\/plugins\/seo\/ -->\n<title>Dostawa - Sklep Miody Huzar<\/title>\n<meta name=\"robots\" content=\"index, follow, max-snippet:-1, max-image-preview:large, max-video-preview:-1\" \/>\n<link rel=\"canonical\" href=\"https:\/\/miody-huzar.pl\/sklep\/dostawa\/\" \/>\n<meta property=\"og:locale\" content=\"pl_PL\" \/>\n<meta property=\"og:type\" content=\"article\" \/>\n<meta property=\"og:title\" content=\"Dostawa - Sklep Miody Huzar\" \/>\n<meta property=\"og:description\" content=\"Czas oczekiwania na przesy\u0142k\u0119 wynosi zwykle do 5 dni roboczych. Na czas oczekiwania sk\u0142ada si\u0119 czas realizacji zam\u00f3wienia, a wi\u0119c skompletowanie towar\u00f3w do zam\u00f3wienia oraz przewidywany czas dostawy zale\u017cny od firmy kurierskiej. Cena Czas dostawy Paczkomat Inpost 14,90 PLN 1-2 dni Kurier Inpost 14,90 PLN 1-3 dni Kurier DPD Odbi\u00f3r osobisty 18,90 PLN 0 PLN [&hellip;]\" \/>\n<meta property=\"og:url\" content=\"https:\/\/miody-huzar.pl\/sklep\/dostawa\/\" \/>\n<meta property=\"og:site_name\" content=\"Sklep Miody Huzar\" \/>\n<meta property=\"article:publisher\" content=\"https:\/\/www.facebook.com\/miodyhuzar\/\" \/>\n<meta property=\"article:modified_time\" content=\"2024-01-15T11:59:55+00:00\" \/>\n<meta name=\"twitter:card\" content=\"summary_large_image\" \/>\n<meta name=\"twitter:label1\" content=\"Szacowany czas czytania\" \/>\n\t<meta name=\"twitter:data1\" content=\"1 minuta\" \/>\n<script type=\"application\/ld+json\" class=\"yoast-schema-graph\">{\"@context\":\"https:\/\/schema.org\",\"@graph\":[{\"@type\":\"WebPage\",\"@id\":\"https:\/\/miody-huzar.pl\/sklep\/dostawa\/\",\"url\":\"https:\/\/miody-huzar.pl\/sklep\/dostawa\/\",\"name\":\"Dostawa - Sklep Miody Huzar\",\"isPartOf\":{\"@id\":\"https:\/\/miody-huzar.pl\/sklep\/#website\"},\"datePublished\":\"2023-06-07T13:32:52+00:00\",\"dateModified\":\"2024-01-15T11:59:55+00:00\",\"breadcrumb\":{\"@id\":\"https:\/\/miody-huzar.pl\/sklep\/dostawa\/#breadcrumb\"},\"inLanguage\":\"pl-PL\",\"potentialAction\":[{\"@type\":\"ReadAction\",\"target\":[\"https:\/\/miody-huzar.pl\/sklep\/dostawa\/\"]}]},{\"@type\":\"BreadcrumbList\",\"@id\":\"https:\/\/miody-huzar.pl\/sklep\/dostawa\/#breadcrumb\",\"itemListElement\":[{\"@type\":\"ListItem\",\"position\":1,\"name\":\"Strona g\u0142\u00f3wna\",\"item\":\"https:\/\/miody-huzar.pl\/sklep\/\"},{\"@type\":\"ListItem\",\"position\":2,\"name\":\"Dostawa\"}]},{\"@type\":\"WebSite\",\"@id\":\"https:\/\/miody-huzar.pl\/sklep\/#website\",\"url\":\"https:\/\/miody-huzar.pl\/sklep\/\",\"name\":\"Sklep Miody Huzar\",\"description\":\"\",\"publisher\":{\"@id\":\"https:\/\/miody-huzar.pl\/sklep\/#organization\"},\"potentialAction\":[{\"@type\":\"SearchAction\",\"target\":{\"@type\":\"EntryPoint\",\"urlTemplate\":\"https:\/\/miody-huzar.pl\/sklep\/?s={search_term_string}\"},\"query-input\":{\"@type\":\"PropertyValueSpecification\",\"valueRequired\":true,\"valueName\":\"search_term_string\"}}],\"inLanguage\":\"pl-PL\"},{\"@type\":\"Organization\",\"@id\":\"https:\/\/miody-huzar.pl\/sklep\/#organization\",\"name\":\"Huzar Sp. z o.o.\",\"url\":\"https:\/\/miody-huzar.pl\/sklep\/\",\"logo\":{\"@type\":\"ImageObject\",\"inLanguage\":\"pl-PL\",\"@id\":\"https:\/\/miody-huzar.pl\/sklep\/#\/schema\/logo\/image\/\",\"url\":\"https:\/\/miody-huzar.pl\/sklep\/wp-content\/uploads\/2026\/02\/cropped-logo-Huzar-33.png\",\"contentUrl\":\"https:\/\/miody-huzar.pl\/sklep\/wp-content\/uploads\/2026\/02\/cropped-logo-Huzar-33.png\",\"width\":1826,\"height\":342,\"caption\":\"Huzar Sp. z o.o.\"},\"image\":{\"@id\":\"https:\/\/miody-huzar.pl\/sklep\/#\/schema\/logo\/image\/\"},\"sameAs\":[\"https:\/\/www.facebook.com\/miodyhuzar\/\",\"https:\/\/www.instagram.com\/miodyhuzar\/\",\"https:\/\/www.linkedin.com\/company\/miody-huzar\/\"]}]}<\/script>\n<!-- \/ Yoast SEO plugin. -->","yoast_head_json":{"title":"Dostawa - Sklep Miody Huzar","robots":{"index":"index","follow":"follow","max-snippet":"max-snippet:-1","max-image-preview":"max-image-preview:large","max-video-preview":"max-video-preview:-1"},"canonical":"https:\/\/miody-huzar.pl\/sklep\/dostawa\/","og_locale":"pl_PL","og_type":"article","og_title":"Dostawa - Sklep Miody Huzar","og_description":"Czas oczekiwania na przesy\u0142k\u0119 wynosi zwykle do 5 dni roboczych. Na czas oczekiwania sk\u0142ada si\u0119 czas realizacji zam\u00f3wienia, a wi\u0119c skompletowanie towar\u00f3w do zam\u00f3wienia oraz przewidywany czas dostawy zale\u017cny od firmy kurierskiej. Cena Czas dostawy Paczkomat Inpost 14,90 PLN 1-2 dni Kurier Inpost 14,90 PLN 1-3 dni Kurier DPD Odbi\u00f3r osobisty 18,90 PLN 0 PLN [&hellip;]","og_url":"https:\/\/miody-huzar.pl\/sklep\/dostawa\/","og_site_name":"Sklep Miody Huzar","article_publisher":"https:\/\/www.facebook.com\/miodyhuzar\/","article_modified_time":"2024-01-15T11:59:55+00:00","twitter_card":"summary_large_image","twitter_misc":{"Szacowany czas czytania":"1 minuta"},"schema":{"@context":"https:\/\/schema.org","@graph":[{"@type":"WebPage","@id":"https:\/\/miody-huzar.pl\/sklep\/dostawa\/","url":"https:\/\/miody-huzar.pl\/sklep\/dostawa\/","name":"Dostawa - Sklep Miody Huzar","isPartOf":{"@id":"https:\/\/miody-huzar.pl\/sklep\/#website"},"datePublished":"2023-06-07T13:32:52+00:00","dateModified":"2024-01-15T11:59:55+00:00","breadcrumb":{"@id":"https:\/\/miody-huzar.pl\/sklep\/dostawa\/#breadcrumb"},"inLanguage":"pl-PL","potentialAction":[{"@type":"ReadAction","target":["https:\/\/miody-huzar.pl\/sklep\/dostawa\/"]}]},{"@type":"BreadcrumbList","@id":"https:\/\/miody-huzar.pl\/sklep\/dostawa\/#breadcrumb","itemListElement":[{"@type":"ListItem","position":1,"name":"Strona g\u0142\u00f3wna","item":"https:\/\/miody-huzar.pl\/sklep\/"},{"@type":"ListItem","position":2,"name":"Dostawa"}]},{"@type":"WebSite","@id":"https:\/\/miody-huzar.pl\/sklep\/#website","url":"https:\/\/miody-huzar.pl\/sklep\/","name":"Sklep Miody Huzar","description":"","publisher":{"@id":"https:\/\/miody-huzar.pl\/sklep\/#organization"},"potentialAction":[{"@type":"SearchAction","target":{"@type":"EntryPoint","urlTemplate":"https:\/\/miody-huzar.pl\/sklep\/?s={search_term_string}"},"query-input":{"@type":"PropertyValueSpecification","valueRequired":true,"valueName":"search_term_string"}}],"inLanguage":"pl-PL"},{"@type":"Organization","@id":"https:\/\/miody-huzar.pl\/sklep\/#organization","name":"Huzar Sp. z o.o.","url":"https:\/\/miody-huzar.pl\/sklep\/","logo":{"@type":"ImageObject","inLanguage":"pl-PL","@id":"https:\/\/miody-huzar.pl\/sklep\/#\/schema\/logo\/image\/","url":"https:\/\/miody-huzar.pl\/sklep\/wp-content\/uploads\/2026\/02\/cropped-logo-Huzar-33.png","contentUrl":"https:\/\/miody-huzar.pl\/sklep\/wp-content\/uploads\/2026\/02\/cropped-logo-Huzar-33.png","width":1826,"height":342,"caption":"Huzar Sp. z o.o."},"image":{"@id":"https:\/\/miody-huzar.pl\/sklep\/#\/schema\/logo\/image\/"},"sameAs":["https:\/\/www.facebook.com\/miodyhuzar\/","https:\/\/www.instagram.com\/miodyhuzar\/","https:\/\/www.linkedin.com\/company\/miody-huzar\/"]}]}},"_links":{"self":[{"href":"https:\/\/miody-huzar.pl\/sklep\/wp-json\/wp\/v2\/pages\/156","targetHints":{"allow":["GET"]}}],"collection":[{"href":"https:\/\/miody-huzar.pl\/sklep\/wp-json\/wp\/v2\/pages"}],"about":[{"href":"https:\/\/miody-huzar.pl\/sklep\/wp-json\/wp\/v2\/types\/page"}],"author":[{"embeddable":true,"href":"https:\/\/miody-huzar.pl\/sklep\/wp-json\/wp\/v2\/users\/1"}],"replies":[{"embeddable":true,"href":"https:\/\/miody-huzar.pl\/sklep\/wp-json\/wp\/v2\/comments?post=156"}],"version-history":[{"count":6,"href":"https:\/\/miody-huzar.pl\/sklep\/wp-json\/wp\/v2\/pages\/156\/revisions"}],"predecessor-version":[{"id":563,"href":"https:\/\/miody-huzar.pl\/sklep\/wp-json\/wp\/v2\/pages\/156\/revisions\/563"}],"wp:attachment":[{"href":"https:\/\/miody-huzar.pl\/sklep\/wp-json\/wp\/v2\/media?parent=156"}],"curies":[{"name":"wp","href":"https:\/\/api.w.org\/{rel}","templated":true}]}}