{"id":1306,"date":"2025-07-30T12:51:45","date_gmt":"2025-07-30T10:51:45","guid":{"rendered":"https:\/\/miody-huzar.pl\/sklep\/?post_type=product&#038;p=1306"},"modified":"2026-02-09T13:12:43","modified_gmt":"2026-02-09T12:12:43","slug":"miod-spadziowy-250g","status":"publish","type":"product","link":"https:\/\/miody-huzar.pl\/sklep\/produkt\/miod-spadziowy-250g\/","title":{"rendered":"Mi\u00f3d spadziowy 250g"},"content":{"rendered":"<h3 style=\"text-align: center;\">Mi\u00f3d spadziowy<\/h3>\n<p style=\"text-align: center;\"><strong>Masa netto:<\/strong> 250 g<\/p>\n<p style=\"text-align: center;\"><strong>Kraj pochodzenia:<\/strong>\u00a0Mieszanka miod\u00f3w pochodz\u0105cych z UE i niepochodz\u0105cych z UE<\/p>\n<p>Sk\u0142ad mieszanki, a tym samym kraje pochodzenia miodu, mog\u0105 r\u00f3\u017cni\u0107 si\u0119 w zale\u017cno\u015bci od partii. Je\u015bli chcesz pozna\u0107 dok\u0142adne pochodzenie miodu w aktualnej partii, napisz do nas \u2013 ch\u0119tnie udzielimy informacji.<\/p>\n<p style=\"text-align: center;\">Przechowywa\u0107 w suchym i ch\u0142odnym miejscu.<br \/>\nUlega naturalnej krystalizacji.<\/p>\n<p style=\"text-align: center;\"><strong>Producent:<\/strong>\u00a0Huzar sp. z o.o. ul. Tarnowska 161 33-300 Nowy S\u0105cz<\/p>\n<p>&nbsp;<\/p>\n<p><img loading=\"lazy\" decoding=\"async\" class=\"size-medium wp-image-651 aligncenter\" src=\"https:\/\/miody-huzar.pl\/sklep\/wp-content\/uploads\/2023\/06\/Tabela-wartosci-Miod-spadziowy-300x254.jpg\" alt=\"\" width=\"300\" height=\"254\" srcset=\"https:\/\/miody-huzar.pl\/sklep\/wp-content\/uploads\/2023\/06\/Tabela-wartosci-Miod-spadziowy-300x254.jpg 300w, https:\/\/miody-huzar.pl\/sklep\/wp-content\/uploads\/2023\/06\/Tabela-wartosci-Miod-spadziowy-1024x866.jpg 1024w, https:\/\/miody-huzar.pl\/sklep\/wp-content\/uploads\/2023\/06\/Tabela-wartosci-Miod-spadziowy-768x650.jpg 768w, https:\/\/miody-huzar.pl\/sklep\/wp-content\/uploads\/2023\/06\/Tabela-wartosci-Miod-spadziowy-324x274.jpg 324w, https:\/\/miody-huzar.pl\/sklep\/wp-content\/uploads\/2023\/06\/Tabela-wartosci-Miod-spadziowy-416x352.jpg 416w, https:\/\/miody-huzar.pl\/sklep\/wp-content\/uploads\/2023\/06\/Tabela-wartosci-Miod-spadziowy.jpg 1303w\" sizes=\"auto, (max-width: 300px) 100vw, 300px\" \/><\/p>\n","protected":false},"excerpt":{"rendered":"<p data-start=\"210\" data-end=\"306\"><strong data-start=\"210\" data-end=\"306\">Mi\u00f3d spadziowy ze spadzi li\u015bciastej 250 g \u2013 naturalny mi\u00f3d o subtelnym smaku i aromacie zi\u00f3\u0142<\/strong><\/p>\n<p data-start=\"308\" data-end=\"601\">Mi\u00f3d spadziowy ze spadzi li\u015bciastej to wyj\u0105tkowy mi\u00f3d naturalny, pozyskiwany przez pszczo\u0142y ze spadzi z drzew li\u015bciastych, takich jak d\u0105b, buk czy klon. Charakteryzuje si\u0119 delikatnym, lekko karmelowym smakiem z nut\u0105 zi\u00f3\u0142 i kwiat\u00f3w oraz wyrazistym aromatem przypominaj\u0105cym \u015bwie\u017co skoszon\u0105 traw\u0119 lub zio\u0142a.<\/p>\n<p data-start=\"603\" data-end=\"806\">Spad\u017a li\u015bciasta to lepka substancja, kt\u00f3ra powstaje na li\u015bciach drzew, takich jak d\u0119by, buki czy klony. Jest to naturalna reakcja drzew na uk\u0105szenia owad\u00f3w, a pszczo\u0142y zbieraj\u0105 t\u0119 spad\u017a i przetwarzaj\u0105 j\u0105, tworz\u0105c niezwyk\u0142y mi\u00f3d o wyj\u0105tkowym smaku i aromacie.<\/p>\n<p data-start=\"808\" data-end=\"995\">Mi\u00f3d spadziowy li\u015bciasty \u015bwietnie sprawdza si\u0119 jako:<br \/>\n\u2022 naturalny s\u0142odzik do herbaty i kawy<br data-start=\"898\" data-end=\"901\" \/>\u2022 dodatek do pieczywa, owsianki i sa\u0142atek<br data-start=\"942\" data-end=\"945\" \/>\u2022 wsparcie odporno\u015bci w okresie jesienno-zimowym<\/p>\n<p data-start=\"997\" data-end=\"1105\">\u2022 100% naturalny mi\u00f3d spadziowy<br data-start=\"1028\" data-end=\"1031\" \/>\u2022 Subtelny, harmonijny smak i zio\u0142owy aromat<br data-start=\"1075\" data-end=\"1078\" \/>\u2022 Pojemno\u015b\u0107 s\u0142oiczka: 250 g<\/p>\n<p data-start=\"1107\" data-end=\"1202\">Spr\u00f3buj miodu spadziowego\u00a0 \u2013 prosto z serca natury.<\/p>\n","protected":false},"featured_media":1402,"template":"","meta":{"_acf_changed":false},"product_brand":[],"product_cat":[37,31],"product_tag":[39,40],"class_list":{"0":"post-1306","1":"product","2":"type-product","3":"status-publish","4":"has-post-thumbnail","6":"product_cat-miody-klasyczne","7":"product_cat-miody","8":"product_tag-miod-spadziowy","9":"product_tag-miody-huzar","10":"pif-has-gallery","12":"first","13":"instock","14":"shipping-taxable","15":"purchasable","16":"product-type-simple"},"acf":[],"yoast_head":"<!-- This site is optimized with the Yoast SEO plugin v24.8.1 - https:\/\/yoast.com\/wordpress\/plugins\/seo\/ -->\n<title>Mi\u00f3d spadziowy 250g - Sklep Miody Huzar<\/title>\n<meta name=\"description\" content=\"Mi\u00f3d spadziowy li\u015bciasty 250 g \u2013 naturalny mi\u00f3d o delikatnym, zio\u0142owym aromacie i karmelowym smaku. Idealny do herbaty, pieczywa i owsianki.\" \/>\n<meta name=\"robots\" content=\"index, follow, max-snippet:-1, max-image-preview:large, max-video-preview:-1\" \/>\n<link rel=\"canonical\" href=\"https:\/\/miody-huzar.pl\/sklep\/produkt\/miod-spadziowy-250g\/\" \/>\n<meta property=\"og:locale\" content=\"pl_PL\" \/>\n<meta property=\"og:type\" content=\"article\" \/>\n<meta property=\"og:title\" content=\"Mi\u00f3d spadziowy 250g - Sklep Miody Huzar\" \/>\n<meta property=\"og:description\" content=\"Mi\u00f3d spadziowy li\u015bciasty 250 g \u2013 naturalny mi\u00f3d o delikatnym, zio\u0142owym aromacie i karmelowym smaku. Idealny do herbaty, pieczywa i owsianki.\" \/>\n<meta property=\"og:url\" content=\"https:\/\/miody-huzar.pl\/sklep\/produkt\/miod-spadziowy-250g\/\" \/>\n<meta property=\"og:site_name\" content=\"Sklep Miody Huzar\" \/>\n<meta property=\"article:publisher\" content=\"https:\/\/www.facebook.com\/miodyhuzar\/\" \/>\n<meta property=\"article:modified_time\" content=\"2026-02-09T12:12:43+00:00\" \/>\n<meta property=\"og:image\" content=\"https:\/\/miody-huzar.pl\/sklep\/wp-content\/uploads\/2025\/07\/Miod-spadziowy-250-4.jpg\" \/>\n\t<meta property=\"og:image:width\" content=\"800\" \/>\n\t<meta property=\"og:image:height\" content=\"1000\" \/>\n\t<meta property=\"og:image:type\" content=\"image\/jpeg\" \/>\n<meta name=\"twitter:card\" content=\"summary_large_image\" \/>\n<meta name=\"twitter:label1\" content=\"Szacowany czas czytania\" \/>\n\t<meta name=\"twitter:data1\" content=\"1 minuta\" \/>\n<script type=\"application\/ld+json\" class=\"yoast-schema-graph\">{\"@context\":\"https:\/\/schema.org\",\"@graph\":[{\"@type\":\"WebPage\",\"@id\":\"https:\/\/miody-huzar.pl\/sklep\/produkt\/miod-spadziowy-250g\/\",\"url\":\"https:\/\/miody-huzar.pl\/sklep\/produkt\/miod-spadziowy-250g\/\",\"name\":\"Mi\u00f3d spadziowy 250g - Sklep Miody Huzar\",\"isPartOf\":{\"@id\":\"https:\/\/miody-huzar.pl\/sklep\/#website\"},\"primaryImageOfPage\":{\"@id\":\"https:\/\/miody-huzar.pl\/sklep\/produkt\/miod-spadziowy-250g\/#primaryimage\"},\"image\":{\"@id\":\"https:\/\/miody-huzar.pl\/sklep\/produkt\/miod-spadziowy-250g\/#primaryimage\"},\"thumbnailUrl\":\"https:\/\/miody-huzar.pl\/sklep\/wp-content\/uploads\/2025\/07\/Miod-spadziowy-250-4.jpg\",\"datePublished\":\"2025-07-30T10:51:45+00:00\",\"dateModified\":\"2026-02-09T12:12:43+00:00\",\"description\":\"Mi\u00f3d spadziowy li\u015bciasty 250 g \u2013 naturalny mi\u00f3d o delikatnym, zio\u0142owym aromacie i karmelowym smaku. Idealny do herbaty, pieczywa i owsianki.\",\"breadcrumb\":{\"@id\":\"https:\/\/miody-huzar.pl\/sklep\/produkt\/miod-spadziowy-250g\/#breadcrumb\"},\"inLanguage\":\"pl-PL\",\"potentialAction\":[{\"@type\":\"ReadAction\",\"target\":[\"https:\/\/miody-huzar.pl\/sklep\/produkt\/miod-spadziowy-250g\/\"]}]},{\"@type\":\"ImageObject\",\"inLanguage\":\"pl-PL\",\"@id\":\"https:\/\/miody-huzar.pl\/sklep\/produkt\/miod-spadziowy-250g\/#primaryimage\",\"url\":\"https:\/\/miody-huzar.pl\/sklep\/wp-content\/uploads\/2025\/07\/Miod-spadziowy-250-4.jpg\",\"contentUrl\":\"https:\/\/miody-huzar.pl\/sklep\/wp-content\/uploads\/2025\/07\/Miod-spadziowy-250-4.jpg\",\"width\":800,\"height\":1000},{\"@type\":\"BreadcrumbList\",\"@id\":\"https:\/\/miody-huzar.pl\/sklep\/produkt\/miod-spadziowy-250g\/#breadcrumb\",\"itemListElement\":[{\"@type\":\"ListItem\",\"position\":1,\"name\":\"Strona g\u0142\u00f3wna\",\"item\":\"https:\/\/miody-huzar.pl\/sklep\/\"},{\"@type\":\"ListItem\",\"position\":2,\"name\":\"Miody HUZAR\",\"item\":\"https:\/\/miody-huzar.pl\/sklep\/\"},{\"@type\":\"ListItem\",\"position\":3,\"name\":\"Mi\u00f3d spadziowy 250g\"}]},{\"@type\":\"WebSite\",\"@id\":\"https:\/\/miody-huzar.pl\/sklep\/#website\",\"url\":\"https:\/\/miody-huzar.pl\/sklep\/\",\"name\":\"Sklep Miody Huzar\",\"description\":\"\",\"publisher\":{\"@id\":\"https:\/\/miody-huzar.pl\/sklep\/#organization\"},\"potentialAction\":[{\"@type\":\"SearchAction\",\"target\":{\"@type\":\"EntryPoint\",\"urlTemplate\":\"https:\/\/miody-huzar.pl\/sklep\/?s={search_term_string}\"},\"query-input\":{\"@type\":\"PropertyValueSpecification\",\"valueRequired\":true,\"valueName\":\"search_term_string\"}}],\"inLanguage\":\"pl-PL\"},{\"@type\":\"Organization\",\"@id\":\"https:\/\/miody-huzar.pl\/sklep\/#organization\",\"name\":\"Huzar Sp. z o.o.\",\"url\":\"https:\/\/miody-huzar.pl\/sklep\/\",\"logo\":{\"@type\":\"ImageObject\",\"inLanguage\":\"pl-PL\",\"@id\":\"https:\/\/miody-huzar.pl\/sklep\/#\/schema\/logo\/image\/\",\"url\":\"https:\/\/miody-huzar.pl\/sklep\/wp-content\/uploads\/2026\/02\/cropped-logo-Huzar-33.png\",\"contentUrl\":\"https:\/\/miody-huzar.pl\/sklep\/wp-content\/uploads\/2026\/02\/cropped-logo-Huzar-33.png\",\"width\":1826,\"height\":342,\"caption\":\"Huzar Sp. z o.o.\"},\"image\":{\"@id\":\"https:\/\/miody-huzar.pl\/sklep\/#\/schema\/logo\/image\/\"},\"sameAs\":[\"https:\/\/www.facebook.com\/miodyhuzar\/\",\"https:\/\/www.instagram.com\/miodyhuzar\/\",\"https:\/\/www.linkedin.com\/company\/miody-huzar\/\"]}]}<\/script>\n<!-- \/ Yoast SEO plugin. -->","yoast_head_json":{"title":"Mi\u00f3d spadziowy 250g - Sklep Miody Huzar","description":"Mi\u00f3d spadziowy li\u015bciasty 250 g \u2013 naturalny mi\u00f3d o delikatnym, zio\u0142owym aromacie i karmelowym smaku. Idealny do herbaty, pieczywa i owsianki.","robots":{"index":"index","follow":"follow","max-snippet":"max-snippet:-1","max-image-preview":"max-image-preview:large","max-video-preview":"max-video-preview:-1"},"canonical":"https:\/\/miody-huzar.pl\/sklep\/produkt\/miod-spadziowy-250g\/","og_locale":"pl_PL","og_type":"article","og_title":"Mi\u00f3d spadziowy 250g - Sklep Miody Huzar","og_description":"Mi\u00f3d spadziowy li\u015bciasty 250 g \u2013 naturalny mi\u00f3d o delikatnym, zio\u0142owym aromacie i karmelowym smaku. Idealny do herbaty, pieczywa i owsianki.","og_url":"https:\/\/miody-huzar.pl\/sklep\/produkt\/miod-spadziowy-250g\/","og_site_name":"Sklep Miody Huzar","article_publisher":"https:\/\/www.facebook.com\/miodyhuzar\/","article_modified_time":"2026-02-09T12:12:43+00:00","og_image":[{"width":800,"height":1000,"url":"https:\/\/miody-huzar.pl\/sklep\/wp-content\/uploads\/2025\/07\/Miod-spadziowy-250-4.jpg","type":"image\/jpeg"}],"twitter_card":"summary_large_image","twitter_misc":{"Szacowany czas czytania":"1 minuta"},"schema":{"@context":"https:\/\/schema.org","@graph":[{"@type":"WebPage","@id":"https:\/\/miody-huzar.pl\/sklep\/produkt\/miod-spadziowy-250g\/","url":"https:\/\/miody-huzar.pl\/sklep\/produkt\/miod-spadziowy-250g\/","name":"Mi\u00f3d spadziowy 250g - Sklep Miody Huzar","isPartOf":{"@id":"https:\/\/miody-huzar.pl\/sklep\/#website"},"primaryImageOfPage":{"@id":"https:\/\/miody-huzar.pl\/sklep\/produkt\/miod-spadziowy-250g\/#primaryimage"},"image":{"@id":"https:\/\/miody-huzar.pl\/sklep\/produkt\/miod-spadziowy-250g\/#primaryimage"},"thumbnailUrl":"https:\/\/miody-huzar.pl\/sklep\/wp-content\/uploads\/2025\/07\/Miod-spadziowy-250-4.jpg","datePublished":"2025-07-30T10:51:45+00:00","dateModified":"2026-02-09T12:12:43+00:00","description":"Mi\u00f3d spadziowy li\u015bciasty 250 g \u2013 naturalny mi\u00f3d o delikatnym, zio\u0142owym aromacie i karmelowym smaku. Idealny do herbaty, pieczywa i owsianki.","breadcrumb":{"@id":"https:\/\/miody-huzar.pl\/sklep\/produkt\/miod-spadziowy-250g\/#breadcrumb"},"inLanguage":"pl-PL","potentialAction":[{"@type":"ReadAction","target":["https:\/\/miody-huzar.pl\/sklep\/produkt\/miod-spadziowy-250g\/"]}]},{"@type":"ImageObject","inLanguage":"pl-PL","@id":"https:\/\/miody-huzar.pl\/sklep\/produkt\/miod-spadziowy-250g\/#primaryimage","url":"https:\/\/miody-huzar.pl\/sklep\/wp-content\/uploads\/2025\/07\/Miod-spadziowy-250-4.jpg","contentUrl":"https:\/\/miody-huzar.pl\/sklep\/wp-content\/uploads\/2025\/07\/Miod-spadziowy-250-4.jpg","width":800,"height":1000},{"@type":"BreadcrumbList","@id":"https:\/\/miody-huzar.pl\/sklep\/produkt\/miod-spadziowy-250g\/#breadcrumb","itemListElement":[{"@type":"ListItem","position":1,"name":"Strona g\u0142\u00f3wna","item":"https:\/\/miody-huzar.pl\/sklep\/"},{"@type":"ListItem","position":2,"name":"Miody HUZAR","item":"https:\/\/miody-huzar.pl\/sklep\/"},{"@type":"ListItem","position":3,"name":"Mi\u00f3d spadziowy 250g"}]},{"@type":"WebSite","@id":"https:\/\/miody-huzar.pl\/sklep\/#website","url":"https:\/\/miody-huzar.pl\/sklep\/","name":"Sklep Miody Huzar","description":"","publisher":{"@id":"https:\/\/miody-huzar.pl\/sklep\/#organization"},"potentialAction":[{"@type":"SearchAction","target":{"@type":"EntryPoint","urlTemplate":"https:\/\/miody-huzar.pl\/sklep\/?s={search_term_string}"},"query-input":{"@type":"PropertyValueSpecification","valueRequired":true,"valueName":"search_term_string"}}],"inLanguage":"pl-PL"},{"@type":"Organization","@id":"https:\/\/miody-huzar.pl\/sklep\/#organization","name":"Huzar Sp. z o.o.","url":"https:\/\/miody-huzar.pl\/sklep\/","logo":{"@type":"ImageObject","inLanguage":"pl-PL","@id":"https:\/\/miody-huzar.pl\/sklep\/#\/schema\/logo\/image\/","url":"https:\/\/miody-huzar.pl\/sklep\/wp-content\/uploads\/2026\/02\/cropped-logo-Huzar-33.png","contentUrl":"https:\/\/miody-huzar.pl\/sklep\/wp-content\/uploads\/2026\/02\/cropped-logo-Huzar-33.png","width":1826,"height":342,"caption":"Huzar Sp. z o.o."},"image":{"@id":"https:\/\/miody-huzar.pl\/sklep\/#\/schema\/logo\/image\/"},"sameAs":["https:\/\/www.facebook.com\/miodyhuzar\/","https:\/\/www.instagram.com\/miodyhuzar\/","https:\/\/www.linkedin.com\/company\/miody-huzar\/"]}]}},"_links":{"self":[{"href":"https:\/\/miody-huzar.pl\/sklep\/wp-json\/wp\/v2\/product\/1306","targetHints":{"allow":["GET"]}}],"collection":[{"href":"https:\/\/miody-huzar.pl\/sklep\/wp-json\/wp\/v2\/product"}],"about":[{"href":"https:\/\/miody-huzar.pl\/sklep\/wp-json\/wp\/v2\/types\/product"}],"wp:featuredmedia":[{"embeddable":true,"href":"https:\/\/miody-huzar.pl\/sklep\/wp-json\/wp\/v2\/media\/1402"}],"wp:attachment":[{"href":"https:\/\/miody-huzar.pl\/sklep\/wp-json\/wp\/v2\/media?parent=1306"}],"wp:term":[{"taxonomy":"product_brand","embeddable":true,"href":"https:\/\/miody-huzar.pl\/sklep\/wp-json\/wp\/v2\/product_brand?post=1306"},{"taxonomy":"product_cat","embeddable":true,"href":"https:\/\/miody-huzar.pl\/sklep\/wp-json\/wp\/v2\/product_cat?post=1306"},{"taxonomy":"product_tag","embeddable":true,"href":"https:\/\/miody-huzar.pl\/sklep\/wp-json\/wp\/v2\/product_tag?post=1306"}],"curies":[{"name":"wp","href":"https:\/\/api.w.org\/{rel}","templated":true}]}}