{"id":1571,"date":"2025-11-24T13:05:02","date_gmt":"2025-11-24T12:05:02","guid":{"rendered":"https:\/\/miody-huzar.pl\/sklep\/?post_type=product&#038;p=1571"},"modified":"2025-11-24T13:18:01","modified_gmt":"2025-11-24T12:18:01","slug":"miod-wielokwiatowy-1-kg-najlepsza-cena","status":"publish","type":"product","link":"https:\/\/miody-huzar.pl\/sklep\/produkt\/miod-wielokwiatowy-1-kg-najlepsza-cena\/","title":{"rendered":"Mi\u00f3d wielokwiatowy 1 kg &#8211; Najlepsza cena."},"content":{"rendered":"<h3 style=\"text-align: center;\">Mi\u00f3d nektarowy wielokwiatowy<\/h3>\n<h3 style=\"text-align: center;\"><strong>Masa netto:<\/strong> 1 kg<\/h3>\n<p style=\"text-align: center;\"><strong>Kraje pochodzenia:<\/strong> Mieszanka miod\u00f3w pochodz\u0105cych z UE i niepochodz\u0105cych z UE.<\/p>\n<p>Sk\u0142ad mieszanki, a tym samym kraje pochodzenia miodu, mog\u0105 r\u00f3\u017cni\u0107 si\u0119 w zale\u017cno\u015bci od partii. Je\u015bli chcesz pozna\u0107 dok\u0142adne pochodzenie miodu w aktualnej partii, napisz do nas \u2013 ch\u0119tnie udzielimy informacji.<\/p>\n<p style=\"text-align: center;\">Przechowywa\u0107 w suchym i ch\u0142odnym miejscu.<br \/>\nUlega naturalnej krystalizacji.<\/p>\n<p style=\"text-align: center;\"><strong>Producent:<\/strong> Huzar sp. z o.o. ul. Tarnowska 161 33-300 Nowy S\u0105cz<\/p>\n<p><img loading=\"lazy\" decoding=\"async\" class=\"size-medium wp-image-834 aligncenter\" src=\"https:\/\/miody-huzar.pl\/sklep\/wp-content\/uploads\/2024\/03\/tabela-wartosci-Miod-Wielokwiatowy-300x254.jpg\" alt=\"\" width=\"300\" height=\"254\" srcset=\"https:\/\/miody-huzar.pl\/sklep\/wp-content\/uploads\/2024\/03\/tabela-wartosci-Miod-Wielokwiatowy-300x254.jpg 300w, https:\/\/miody-huzar.pl\/sklep\/wp-content\/uploads\/2024\/03\/tabela-wartosci-Miod-Wielokwiatowy-1024x866.jpg 1024w, https:\/\/miody-huzar.pl\/sklep\/wp-content\/uploads\/2024\/03\/tabela-wartosci-Miod-Wielokwiatowy-768x650.jpg 768w, https:\/\/miody-huzar.pl\/sklep\/wp-content\/uploads\/2024\/03\/tabela-wartosci-Miod-Wielokwiatowy-324x274.jpg 324w, https:\/\/miody-huzar.pl\/sklep\/wp-content\/uploads\/2024\/03\/tabela-wartosci-Miod-Wielokwiatowy-416x352.jpg 416w, https:\/\/miody-huzar.pl\/sklep\/wp-content\/uploads\/2024\/03\/tabela-wartosci-Miod-Wielokwiatowy.jpg 1303w\" sizes=\"auto, (max-width: 300px) 100vw, 300px\" \/><\/p>\n","protected":false},"excerpt":{"rendered":"<p data-start=\"67\" data-end=\"364\">Klasyczny, naturalny mi\u00f3d wielokwiatowy o delikatnym, kwiatowym aromacie i harmonijnym smaku \u2013 teraz dost\u0119pny w praktycznym, ekologicznym opakowaniu typu Doypack. To po\u0142\u0105czenie tradycji pszczelarskiej z nowoczesnym podej\u015bciem do wygody i zr\u00f3wnowa\u017conego stylu \u017cycia. To doskona\u0142a alternatywa dla tradycyjnego s\u0142oika. Jest lekkie, por\u0119czne i odporne na uszkodzenia \u2013 idealne w podr\u00f3\u017cy, w pracy, podczas treningu czy w domowej kuchni. Wygodna zakr\u0119tka umo\u017cliwia \u0142atwe dozowanie miodu i jego bezpieczne przechowywanie. Ten typ opakowania wyr\u00f3\u017cnia si\u0119 tak\u017ce trosk\u0105 o \u015brodowisko. Wykonany z mono materia\u0142u, Doypack w ca\u0142o\u015bci nadaje si\u0119 do recyklingu, a jego produkcja i transport generuj\u0105 mniejszy \u015blad w\u0119glowy ni\u017c tradycyjne s\u0142oiki.<\/p>\n<p data-start=\"1014\" data-end=\"1187\" data-is-last-node=\"\" data-is-only-node=\"\">Mi\u00f3d wielokwiatowy 1 kg \u2013 najlepsza cena, najwy\u017csza jako\u015b\u0107.<br data-start=\"1077\" data-end=\"1080\" \/>Naturalny, aromatyczny i zawsze \u015bwie\u017cy \u2013 teraz w wygodnej formie, dopasowanej do wsp\u00f3\u0142czesnego stylu \u017cycia.<\/p>\n","protected":false},"featured_media":1572,"template":"","meta":{"_acf_changed":false},"product_brand":[],"product_cat":[37,31,33],"product_tag":[42,40],"class_list":{"0":"post-1571","1":"product","2":"type-product","3":"status-publish","4":"has-post-thumbnail","6":"product_cat-miody-klasyczne","7":"product_cat-miody","8":"product_cat-bestsellery","9":"product_tag-miod-wielokwiatowy","10":"product_tag-miody-huzar","12":"first","13":"instock","14":"shipping-taxable","15":"purchasable","16":"product-type-simple"},"acf":[],"yoast_head":"<!-- This site is optimized with the Yoast SEO plugin v24.8.1 - https:\/\/yoast.com\/wordpress\/plugins\/seo\/ -->\n<title>Mi\u00f3d wielokwiatowy 1 kg - Najlepsza cena. - Sklep Miody Huzar<\/title>\n<meta name=\"description\" content=\"Mi\u00f3d nektarowy wielokwiatowy \u2013 klasyk w \u015bwi\u0105tecznej ods\u0142onie. Doskona\u0142y wyb\u00f3r na prezent lub jako ozdoba domowej spi\u017carni.\" \/>\n<meta name=\"robots\" content=\"index, follow, max-snippet:-1, max-image-preview:large, max-video-preview:-1\" \/>\n<link rel=\"canonical\" href=\"https:\/\/miody-huzar.pl\/sklep\/produkt\/miod-wielokwiatowy-1-kg-najlepsza-cena\/\" \/>\n<meta property=\"og:locale\" content=\"pl_PL\" \/>\n<meta property=\"og:type\" content=\"article\" \/>\n<meta property=\"og:title\" content=\"Mi\u00f3d wielokwiatowy 1 kg - Najlepsza cena. - Sklep Miody Huzar\" \/>\n<meta property=\"og:description\" content=\"Mi\u00f3d nektarowy wielokwiatowy \u2013 klasyk w \u015bwi\u0105tecznej ods\u0142onie. Doskona\u0142y wyb\u00f3r na prezent lub jako ozdoba domowej spi\u017carni.\" \/>\n<meta property=\"og:url\" content=\"https:\/\/miody-huzar.pl\/sklep\/produkt\/miod-wielokwiatowy-1-kg-najlepsza-cena\/\" \/>\n<meta property=\"og:site_name\" content=\"Sklep Miody Huzar\" \/>\n<meta property=\"article:publisher\" content=\"https:\/\/www.facebook.com\/miodyhuzar\/\" \/>\n<meta property=\"article:modified_time\" content=\"2025-11-24T12:18:01+00:00\" \/>\n<meta property=\"og:image\" content=\"https:\/\/miody-huzar.pl\/sklep\/wp-content\/uploads\/2025\/11\/Miodu-huzar-miod-wielokwiatowy-1kg-doypack.jpg\" \/>\n\t<meta property=\"og:image:width\" content=\"800\" \/>\n\t<meta property=\"og:image:height\" content=\"1000\" \/>\n\t<meta property=\"og:image:type\" content=\"image\/jpeg\" \/>\n<meta name=\"twitter:card\" content=\"summary_large_image\" \/>\n<meta name=\"twitter:label1\" content=\"Szacowany czas czytania\" \/>\n\t<meta name=\"twitter:data1\" content=\"1 minuta\" \/>\n<script type=\"application\/ld+json\" class=\"yoast-schema-graph\">{\"@context\":\"https:\/\/schema.org\",\"@graph\":[{\"@type\":\"WebPage\",\"@id\":\"https:\/\/miody-huzar.pl\/sklep\/produkt\/miod-wielokwiatowy-1-kg-najlepsza-cena\/\",\"url\":\"https:\/\/miody-huzar.pl\/sklep\/produkt\/miod-wielokwiatowy-1-kg-najlepsza-cena\/\",\"name\":\"Mi\u00f3d wielokwiatowy 1 kg - Najlepsza cena. - Sklep Miody Huzar\",\"isPartOf\":{\"@id\":\"https:\/\/miody-huzar.pl\/sklep\/#website\"},\"primaryImageOfPage\":{\"@id\":\"https:\/\/miody-huzar.pl\/sklep\/produkt\/miod-wielokwiatowy-1-kg-najlepsza-cena\/#primaryimage\"},\"image\":{\"@id\":\"https:\/\/miody-huzar.pl\/sklep\/produkt\/miod-wielokwiatowy-1-kg-najlepsza-cena\/#primaryimage\"},\"thumbnailUrl\":\"https:\/\/miody-huzar.pl\/sklep\/wp-content\/uploads\/2025\/11\/Miodu-huzar-miod-wielokwiatowy-1kg-doypack.jpg\",\"datePublished\":\"2025-11-24T12:05:02+00:00\",\"dateModified\":\"2025-11-24T12:18:01+00:00\",\"description\":\"Mi\u00f3d nektarowy wielokwiatowy \u2013 klasyk w \u015bwi\u0105tecznej ods\u0142onie. Doskona\u0142y wyb\u00f3r na prezent lub jako ozdoba domowej spi\u017carni.\",\"breadcrumb\":{\"@id\":\"https:\/\/miody-huzar.pl\/sklep\/produkt\/miod-wielokwiatowy-1-kg-najlepsza-cena\/#breadcrumb\"},\"inLanguage\":\"pl-PL\",\"potentialAction\":[{\"@type\":\"ReadAction\",\"target\":[\"https:\/\/miody-huzar.pl\/sklep\/produkt\/miod-wielokwiatowy-1-kg-najlepsza-cena\/\"]}]},{\"@type\":\"ImageObject\",\"inLanguage\":\"pl-PL\",\"@id\":\"https:\/\/miody-huzar.pl\/sklep\/produkt\/miod-wielokwiatowy-1-kg-najlepsza-cena\/#primaryimage\",\"url\":\"https:\/\/miody-huzar.pl\/sklep\/wp-content\/uploads\/2025\/11\/Miodu-huzar-miod-wielokwiatowy-1kg-doypack.jpg\",\"contentUrl\":\"https:\/\/miody-huzar.pl\/sklep\/wp-content\/uploads\/2025\/11\/Miodu-huzar-miod-wielokwiatowy-1kg-doypack.jpg\",\"width\":800,\"height\":1000},{\"@type\":\"BreadcrumbList\",\"@id\":\"https:\/\/miody-huzar.pl\/sklep\/produkt\/miod-wielokwiatowy-1-kg-najlepsza-cena\/#breadcrumb\",\"itemListElement\":[{\"@type\":\"ListItem\",\"position\":1,\"name\":\"Strona g\u0142\u00f3wna\",\"item\":\"https:\/\/miody-huzar.pl\/sklep\/\"},{\"@type\":\"ListItem\",\"position\":2,\"name\":\"Miody HUZAR\",\"item\":\"https:\/\/miody-huzar.pl\/sklep\/\"},{\"@type\":\"ListItem\",\"position\":3,\"name\":\"Mi\u00f3d wielokwiatowy 1 kg &#8211; Najlepsza cena.\"}]},{\"@type\":\"WebSite\",\"@id\":\"https:\/\/miody-huzar.pl\/sklep\/#website\",\"url\":\"https:\/\/miody-huzar.pl\/sklep\/\",\"name\":\"Sklep Miody Huzar\",\"description\":\"\",\"publisher\":{\"@id\":\"https:\/\/miody-huzar.pl\/sklep\/#organization\"},\"potentialAction\":[{\"@type\":\"SearchAction\",\"target\":{\"@type\":\"EntryPoint\",\"urlTemplate\":\"https:\/\/miody-huzar.pl\/sklep\/?s={search_term_string}\"},\"query-input\":{\"@type\":\"PropertyValueSpecification\",\"valueRequired\":true,\"valueName\":\"search_term_string\"}}],\"inLanguage\":\"pl-PL\"},{\"@type\":\"Organization\",\"@id\":\"https:\/\/miody-huzar.pl\/sklep\/#organization\",\"name\":\"Huzar Sp. z o.o.\",\"url\":\"https:\/\/miody-huzar.pl\/sklep\/\",\"logo\":{\"@type\":\"ImageObject\",\"inLanguage\":\"pl-PL\",\"@id\":\"https:\/\/miody-huzar.pl\/sklep\/#\/schema\/logo\/image\/\",\"url\":\"https:\/\/miody-huzar.pl\/sklep\/wp-content\/uploads\/2026\/02\/cropped-logo-Huzar-33.png\",\"contentUrl\":\"https:\/\/miody-huzar.pl\/sklep\/wp-content\/uploads\/2026\/02\/cropped-logo-Huzar-33.png\",\"width\":1826,\"height\":342,\"caption\":\"Huzar Sp. z o.o.\"},\"image\":{\"@id\":\"https:\/\/miody-huzar.pl\/sklep\/#\/schema\/logo\/image\/\"},\"sameAs\":[\"https:\/\/www.facebook.com\/miodyhuzar\/\",\"https:\/\/www.instagram.com\/miodyhuzar\/\",\"https:\/\/www.linkedin.com\/company\/miody-huzar\/\"]}]}<\/script>\n<!-- \/ Yoast SEO plugin. -->","yoast_head_json":{"title":"Mi\u00f3d wielokwiatowy 1 kg - Najlepsza cena. - Sklep Miody Huzar","description":"Mi\u00f3d nektarowy wielokwiatowy \u2013 klasyk w \u015bwi\u0105tecznej ods\u0142onie. Doskona\u0142y wyb\u00f3r na prezent lub jako ozdoba domowej spi\u017carni.","robots":{"index":"index","follow":"follow","max-snippet":"max-snippet:-1","max-image-preview":"max-image-preview:large","max-video-preview":"max-video-preview:-1"},"canonical":"https:\/\/miody-huzar.pl\/sklep\/produkt\/miod-wielokwiatowy-1-kg-najlepsza-cena\/","og_locale":"pl_PL","og_type":"article","og_title":"Mi\u00f3d wielokwiatowy 1 kg - Najlepsza cena. - Sklep Miody Huzar","og_description":"Mi\u00f3d nektarowy wielokwiatowy \u2013 klasyk w \u015bwi\u0105tecznej ods\u0142onie. Doskona\u0142y wyb\u00f3r na prezent lub jako ozdoba domowej spi\u017carni.","og_url":"https:\/\/miody-huzar.pl\/sklep\/produkt\/miod-wielokwiatowy-1-kg-najlepsza-cena\/","og_site_name":"Sklep Miody Huzar","article_publisher":"https:\/\/www.facebook.com\/miodyhuzar\/","article_modified_time":"2025-11-24T12:18:01+00:00","og_image":[{"width":800,"height":1000,"url":"https:\/\/miody-huzar.pl\/sklep\/wp-content\/uploads\/2025\/11\/Miodu-huzar-miod-wielokwiatowy-1kg-doypack.jpg","type":"image\/jpeg"}],"twitter_card":"summary_large_image","twitter_misc":{"Szacowany czas czytania":"1 minuta"},"schema":{"@context":"https:\/\/schema.org","@graph":[{"@type":"WebPage","@id":"https:\/\/miody-huzar.pl\/sklep\/produkt\/miod-wielokwiatowy-1-kg-najlepsza-cena\/","url":"https:\/\/miody-huzar.pl\/sklep\/produkt\/miod-wielokwiatowy-1-kg-najlepsza-cena\/","name":"Mi\u00f3d wielokwiatowy 1 kg - Najlepsza cena. - Sklep Miody Huzar","isPartOf":{"@id":"https:\/\/miody-huzar.pl\/sklep\/#website"},"primaryImageOfPage":{"@id":"https:\/\/miody-huzar.pl\/sklep\/produkt\/miod-wielokwiatowy-1-kg-najlepsza-cena\/#primaryimage"},"image":{"@id":"https:\/\/miody-huzar.pl\/sklep\/produkt\/miod-wielokwiatowy-1-kg-najlepsza-cena\/#primaryimage"},"thumbnailUrl":"https:\/\/miody-huzar.pl\/sklep\/wp-content\/uploads\/2025\/11\/Miodu-huzar-miod-wielokwiatowy-1kg-doypack.jpg","datePublished":"2025-11-24T12:05:02+00:00","dateModified":"2025-11-24T12:18:01+00:00","description":"Mi\u00f3d nektarowy wielokwiatowy \u2013 klasyk w \u015bwi\u0105tecznej ods\u0142onie. Doskona\u0142y wyb\u00f3r na prezent lub jako ozdoba domowej spi\u017carni.","breadcrumb":{"@id":"https:\/\/miody-huzar.pl\/sklep\/produkt\/miod-wielokwiatowy-1-kg-najlepsza-cena\/#breadcrumb"},"inLanguage":"pl-PL","potentialAction":[{"@type":"ReadAction","target":["https:\/\/miody-huzar.pl\/sklep\/produkt\/miod-wielokwiatowy-1-kg-najlepsza-cena\/"]}]},{"@type":"ImageObject","inLanguage":"pl-PL","@id":"https:\/\/miody-huzar.pl\/sklep\/produkt\/miod-wielokwiatowy-1-kg-najlepsza-cena\/#primaryimage","url":"https:\/\/miody-huzar.pl\/sklep\/wp-content\/uploads\/2025\/11\/Miodu-huzar-miod-wielokwiatowy-1kg-doypack.jpg","contentUrl":"https:\/\/miody-huzar.pl\/sklep\/wp-content\/uploads\/2025\/11\/Miodu-huzar-miod-wielokwiatowy-1kg-doypack.jpg","width":800,"height":1000},{"@type":"BreadcrumbList","@id":"https:\/\/miody-huzar.pl\/sklep\/produkt\/miod-wielokwiatowy-1-kg-najlepsza-cena\/#breadcrumb","itemListElement":[{"@type":"ListItem","position":1,"name":"Strona g\u0142\u00f3wna","item":"https:\/\/miody-huzar.pl\/sklep\/"},{"@type":"ListItem","position":2,"name":"Miody HUZAR","item":"https:\/\/miody-huzar.pl\/sklep\/"},{"@type":"ListItem","position":3,"name":"Mi\u00f3d wielokwiatowy 1 kg &#8211; Najlepsza cena."}]},{"@type":"WebSite","@id":"https:\/\/miody-huzar.pl\/sklep\/#website","url":"https:\/\/miody-huzar.pl\/sklep\/","name":"Sklep Miody Huzar","description":"","publisher":{"@id":"https:\/\/miody-huzar.pl\/sklep\/#organization"},"potentialAction":[{"@type":"SearchAction","target":{"@type":"EntryPoint","urlTemplate":"https:\/\/miody-huzar.pl\/sklep\/?s={search_term_string}"},"query-input":{"@type":"PropertyValueSpecification","valueRequired":true,"valueName":"search_term_string"}}],"inLanguage":"pl-PL"},{"@type":"Organization","@id":"https:\/\/miody-huzar.pl\/sklep\/#organization","name":"Huzar Sp. z o.o.","url":"https:\/\/miody-huzar.pl\/sklep\/","logo":{"@type":"ImageObject","inLanguage":"pl-PL","@id":"https:\/\/miody-huzar.pl\/sklep\/#\/schema\/logo\/image\/","url":"https:\/\/miody-huzar.pl\/sklep\/wp-content\/uploads\/2026\/02\/cropped-logo-Huzar-33.png","contentUrl":"https:\/\/miody-huzar.pl\/sklep\/wp-content\/uploads\/2026\/02\/cropped-logo-Huzar-33.png","width":1826,"height":342,"caption":"Huzar Sp. z o.o."},"image":{"@id":"https:\/\/miody-huzar.pl\/sklep\/#\/schema\/logo\/image\/"},"sameAs":["https:\/\/www.facebook.com\/miodyhuzar\/","https:\/\/www.instagram.com\/miodyhuzar\/","https:\/\/www.linkedin.com\/company\/miody-huzar\/"]}]}},"_links":{"self":[{"href":"https:\/\/miody-huzar.pl\/sklep\/wp-json\/wp\/v2\/product\/1571","targetHints":{"allow":["GET"]}}],"collection":[{"href":"https:\/\/miody-huzar.pl\/sklep\/wp-json\/wp\/v2\/product"}],"about":[{"href":"https:\/\/miody-huzar.pl\/sklep\/wp-json\/wp\/v2\/types\/product"}],"wp:featuredmedia":[{"embeddable":true,"href":"https:\/\/miody-huzar.pl\/sklep\/wp-json\/wp\/v2\/media\/1572"}],"wp:attachment":[{"href":"https:\/\/miody-huzar.pl\/sklep\/wp-json\/wp\/v2\/media?parent=1571"}],"wp:term":[{"taxonomy":"product_brand","embeddable":true,"href":"https:\/\/miody-huzar.pl\/sklep\/wp-json\/wp\/v2\/product_brand?post=1571"},{"taxonomy":"product_cat","embeddable":true,"href":"https:\/\/miody-huzar.pl\/sklep\/wp-json\/wp\/v2\/product_cat?post=1571"},{"taxonomy":"product_tag","embeddable":true,"href":"https:\/\/miody-huzar.pl\/sklep\/wp-json\/wp\/v2\/product_tag?post=1571"}],"curies":[{"name":"wp","href":"https:\/\/api.w.org\/{rel}","templated":true}]}}