{"id":204,"date":"2023-06-16T13:59:26","date_gmt":"2023-06-16T11:59:26","guid":{"rendered":"https:\/\/miody-huzar.pl\/sklep\/?post_type=product&#038;p=204"},"modified":"2025-10-13T11:39:06","modified_gmt":"2025-10-13T09:39:06","slug":"miod-gryczany-400g","status":"publish","type":"product","link":"https:\/\/miody-huzar.pl\/sklep\/produkt\/miod-gryczany-400g\/","title":{"rendered":"Mi\u00f3d gryczany 400g"},"content":{"rendered":"<h3 style=\"text-align: center;\">Mi\u00f3d nektarowy gryczany<\/h3>\n<h3 style=\"text-align: center;\"><strong>Masa netto:<\/strong>\u00a0400 g<\/h3>\n<p style=\"text-align: center;\"><strong>Kraj pochodzenia:<\/strong>\u00a0Mieszanka miod\u00f3w pochodz\u0105cych z UE i niepochodz\u0105cych z UE<\/p>\n<p>Sk\u0142ad mieszanki, a tym samym kraje pochodzenia miodu, mog\u0105 r\u00f3\u017cni\u0107 si\u0119 w zale\u017cno\u015bci od partii. Je\u015bli chcesz pozna\u0107 dok\u0142adne pochodzenie miodu w aktualnej partii, napisz do nas \u2013 ch\u0119tnie udzielimy informacji.<\/p>\n<p style=\"text-align: center;\">Przechowywa\u0107 w suchym i ch\u0142odnym miejscu.<br \/>\nUlega naturalnej krystalizacji.<\/p>\n<p style=\"text-align: center;\"><strong>Producent:<\/strong>\u00a0Huzar sp. z o.o. ul. Tarnowska 161 33-300 Nowy S\u0105cz<\/p>\n<p><img loading=\"lazy\" decoding=\"async\" class=\"size-medium wp-image-650 aligncenter\" src=\"https:\/\/miody-huzar.pl\/sklep\/wp-content\/uploads\/2023\/04\/tabela-Wartosci-Miod-Gryczany-300x254.jpg\" alt=\"\" width=\"300\" height=\"254\" srcset=\"https:\/\/miody-huzar.pl\/sklep\/wp-content\/uploads\/2023\/04\/tabela-Wartosci-Miod-Gryczany-300x254.jpg 300w, https:\/\/miody-huzar.pl\/sklep\/wp-content\/uploads\/2023\/04\/tabela-Wartosci-Miod-Gryczany-1024x866.jpg 1024w, https:\/\/miody-huzar.pl\/sklep\/wp-content\/uploads\/2023\/04\/tabela-Wartosci-Miod-Gryczany-768x650.jpg 768w, https:\/\/miody-huzar.pl\/sklep\/wp-content\/uploads\/2023\/04\/tabela-Wartosci-Miod-Gryczany-324x274.jpg 324w, https:\/\/miody-huzar.pl\/sklep\/wp-content\/uploads\/2023\/04\/tabela-Wartosci-Miod-Gryczany-416x352.jpg 416w, https:\/\/miody-huzar.pl\/sklep\/wp-content\/uploads\/2023\/04\/tabela-Wartosci-Miod-Gryczany.jpg 1303w\" sizes=\"auto, (max-width: 300px) 100vw, 300px\" \/><\/p>\n","protected":false},"excerpt":{"rendered":"<p>Mi\u00f3d nektarowy gryczany ma zdecydowany charakter. Jest wyj\u0105tkowy ze wzgl\u0119du na sw\u00f3j wyrazisty smak i intensywny aromat kwiat\u00f3w gryki. Jest ostry w smaku, co sprawia, \u017ce jest to mi\u00f3d dedykowany prawdziwym koneserom. Niezast\u0105piony w kuchni, bo doskonale komponuje si\u0119 z przyprawami korzennymi i \u015bwietnie pasuje do potraw wytrawnych piernika oraz napoj\u00f3w o wyrazistym, korzennym smaku.<\/p>\n<p>Tradycyjnie polecany w stanach os\u0142abienia, mi\u00f3d gryczany jest obok miodu spadziowego uwa\u017cany jest za jeden z najbardziej warto\u015bciowych dla odporno\u015bci.<\/p>\n<p><a href=\"https:\/\/miody-huzar.pl\/miod-gryczany\/\">Po wi\u0119cej informacji o miodzie gryczanym zapraszamy na nasz blog<\/a><\/p>\n","protected":false},"featured_media":205,"template":"","meta":{"_acf_changed":false},"product_brand":[],"product_cat":[37,31],"product_tag":[],"class_list":{"0":"post-204","1":"product","2":"type-product","3":"status-publish","4":"has-post-thumbnail","6":"product_cat-miody-klasyczne","7":"product_cat-miody","8":"pif-has-gallery","10":"first","11":"instock","12":"shipping-taxable","13":"purchasable","14":"product-type-simple"},"acf":[],"yoast_head":"<!-- This site is optimized with the Yoast SEO plugin v24.8.1 - https:\/\/yoast.com\/wordpress\/plugins\/seo\/ -->\n<title>Mi\u00f3d gryczany 400g - Sklep Miody Huzar<\/title>\n<meta name=\"description\" content=\"Mi\u00f3d nektarowy gryczany\u00a0 ma zdecydowany charakter. Jest wyj\u0105tkowy ze wzgl\u0119du na sw\u00f3j wyrazisty smak i intensywny aromat kwiat\u00f3w gryki.\" \/>\n<meta name=\"robots\" content=\"index, follow, max-snippet:-1, max-image-preview:large, max-video-preview:-1\" \/>\n<link rel=\"canonical\" href=\"https:\/\/miody-huzar.pl\/sklep\/produkt\/miod-gryczany-400g\/\" \/>\n<meta property=\"og:locale\" content=\"pl_PL\" \/>\n<meta property=\"og:type\" content=\"article\" \/>\n<meta property=\"og:title\" content=\"Mi\u00f3d gryczany 400g - Sklep Miody Huzar\" \/>\n<meta property=\"og:description\" content=\"Mi\u00f3d nektarowy gryczany\u00a0 ma zdecydowany charakter. Jest wyj\u0105tkowy ze wzgl\u0119du na sw\u00f3j wyrazisty smak i intensywny aromat kwiat\u00f3w gryki.\" \/>\n<meta property=\"og:url\" content=\"https:\/\/miody-huzar.pl\/sklep\/produkt\/miod-gryczany-400g\/\" \/>\n<meta property=\"og:site_name\" content=\"Sklep Miody Huzar\" \/>\n<meta property=\"article:publisher\" content=\"https:\/\/www.facebook.com\/miodyhuzar\/\" \/>\n<meta property=\"article:modified_time\" content=\"2025-10-13T09:39:06+00:00\" \/>\n<meta property=\"og:image\" content=\"https:\/\/miody-huzar.pl\/sklep\/wp-content\/uploads\/2023\/06\/Seria-Standard-Miod-GRYCZANY-400-G.jpg\" \/>\n\t<meta property=\"og:image:width\" content=\"800\" \/>\n\t<meta property=\"og:image:height\" content=\"1000\" \/>\n\t<meta property=\"og:image:type\" content=\"image\/jpeg\" \/>\n<meta name=\"twitter:card\" content=\"summary_large_image\" \/>\n<meta name=\"twitter:label1\" content=\"Szacowany czas czytania\" \/>\n\t<meta name=\"twitter:data1\" content=\"1 minuta\" \/>\n<script type=\"application\/ld+json\" class=\"yoast-schema-graph\">{\"@context\":\"https:\/\/schema.org\",\"@graph\":[{\"@type\":\"WebPage\",\"@id\":\"https:\/\/miody-huzar.pl\/sklep\/produkt\/miod-gryczany-400g\/\",\"url\":\"https:\/\/miody-huzar.pl\/sklep\/produkt\/miod-gryczany-400g\/\",\"name\":\"Mi\u00f3d gryczany 400g - Sklep Miody Huzar\",\"isPartOf\":{\"@id\":\"https:\/\/miody-huzar.pl\/sklep\/#website\"},\"primaryImageOfPage\":{\"@id\":\"https:\/\/miody-huzar.pl\/sklep\/produkt\/miod-gryczany-400g\/#primaryimage\"},\"image\":{\"@id\":\"https:\/\/miody-huzar.pl\/sklep\/produkt\/miod-gryczany-400g\/#primaryimage\"},\"thumbnailUrl\":\"https:\/\/miody-huzar.pl\/sklep\/wp-content\/uploads\/2023\/06\/Seria-Standard-Miod-GRYCZANY-400-G.jpg\",\"datePublished\":\"2023-06-16T11:59:26+00:00\",\"dateModified\":\"2025-10-13T09:39:06+00:00\",\"description\":\"Mi\u00f3d nektarowy gryczany\u00a0 ma zdecydowany charakter. Jest wyj\u0105tkowy ze wzgl\u0119du na sw\u00f3j wyrazisty smak i intensywny aromat kwiat\u00f3w gryki.\",\"breadcrumb\":{\"@id\":\"https:\/\/miody-huzar.pl\/sklep\/produkt\/miod-gryczany-400g\/#breadcrumb\"},\"inLanguage\":\"pl-PL\",\"potentialAction\":[{\"@type\":\"ReadAction\",\"target\":[\"https:\/\/miody-huzar.pl\/sklep\/produkt\/miod-gryczany-400g\/\"]}]},{\"@type\":\"ImageObject\",\"inLanguage\":\"pl-PL\",\"@id\":\"https:\/\/miody-huzar.pl\/sklep\/produkt\/miod-gryczany-400g\/#primaryimage\",\"url\":\"https:\/\/miody-huzar.pl\/sklep\/wp-content\/uploads\/2023\/06\/Seria-Standard-Miod-GRYCZANY-400-G.jpg\",\"contentUrl\":\"https:\/\/miody-huzar.pl\/sklep\/wp-content\/uploads\/2023\/06\/Seria-Standard-Miod-GRYCZANY-400-G.jpg\",\"width\":800,\"height\":1000},{\"@type\":\"BreadcrumbList\",\"@id\":\"https:\/\/miody-huzar.pl\/sklep\/produkt\/miod-gryczany-400g\/#breadcrumb\",\"itemListElement\":[{\"@type\":\"ListItem\",\"position\":1,\"name\":\"Strona g\u0142\u00f3wna\",\"item\":\"https:\/\/miody-huzar.pl\/sklep\/\"},{\"@type\":\"ListItem\",\"position\":2,\"name\":\"Miody HUZAR\",\"item\":\"https:\/\/miody-huzar.pl\/sklep\/\"},{\"@type\":\"ListItem\",\"position\":3,\"name\":\"Mi\u00f3d gryczany 400g\"}]},{\"@type\":\"WebSite\",\"@id\":\"https:\/\/miody-huzar.pl\/sklep\/#website\",\"url\":\"https:\/\/miody-huzar.pl\/sklep\/\",\"name\":\"Sklep Miody Huzar\",\"description\":\"\",\"publisher\":{\"@id\":\"https:\/\/miody-huzar.pl\/sklep\/#organization\"},\"potentialAction\":[{\"@type\":\"SearchAction\",\"target\":{\"@type\":\"EntryPoint\",\"urlTemplate\":\"https:\/\/miody-huzar.pl\/sklep\/?s={search_term_string}\"},\"query-input\":{\"@type\":\"PropertyValueSpecification\",\"valueRequired\":true,\"valueName\":\"search_term_string\"}}],\"inLanguage\":\"pl-PL\"},{\"@type\":\"Organization\",\"@id\":\"https:\/\/miody-huzar.pl\/sklep\/#organization\",\"name\":\"Huzar Sp. z o.o.\",\"url\":\"https:\/\/miody-huzar.pl\/sklep\/\",\"logo\":{\"@type\":\"ImageObject\",\"inLanguage\":\"pl-PL\",\"@id\":\"https:\/\/miody-huzar.pl\/sklep\/#\/schema\/logo\/image\/\",\"url\":\"https:\/\/miody-huzar.pl\/sklep\/wp-content\/uploads\/2026\/02\/cropped-logo-Huzar-33.png\",\"contentUrl\":\"https:\/\/miody-huzar.pl\/sklep\/wp-content\/uploads\/2026\/02\/cropped-logo-Huzar-33.png\",\"width\":1826,\"height\":342,\"caption\":\"Huzar Sp. z o.o.\"},\"image\":{\"@id\":\"https:\/\/miody-huzar.pl\/sklep\/#\/schema\/logo\/image\/\"},\"sameAs\":[\"https:\/\/www.facebook.com\/miodyhuzar\/\",\"https:\/\/www.instagram.com\/miodyhuzar\/\",\"https:\/\/www.linkedin.com\/company\/miody-huzar\/\"]}]}<\/script>\n<!-- \/ Yoast SEO plugin. -->","yoast_head_json":{"title":"Mi\u00f3d gryczany 400g - Sklep Miody Huzar","description":"Mi\u00f3d nektarowy gryczany\u00a0 ma zdecydowany charakter. Jest wyj\u0105tkowy ze wzgl\u0119du na sw\u00f3j wyrazisty smak i intensywny aromat kwiat\u00f3w gryki.","robots":{"index":"index","follow":"follow","max-snippet":"max-snippet:-1","max-image-preview":"max-image-preview:large","max-video-preview":"max-video-preview:-1"},"canonical":"https:\/\/miody-huzar.pl\/sklep\/produkt\/miod-gryczany-400g\/","og_locale":"pl_PL","og_type":"article","og_title":"Mi\u00f3d gryczany 400g - Sklep Miody Huzar","og_description":"Mi\u00f3d nektarowy gryczany\u00a0 ma zdecydowany charakter. Jest wyj\u0105tkowy ze wzgl\u0119du na sw\u00f3j wyrazisty smak i intensywny aromat kwiat\u00f3w gryki.","og_url":"https:\/\/miody-huzar.pl\/sklep\/produkt\/miod-gryczany-400g\/","og_site_name":"Sklep Miody Huzar","article_publisher":"https:\/\/www.facebook.com\/miodyhuzar\/","article_modified_time":"2025-10-13T09:39:06+00:00","og_image":[{"width":800,"height":1000,"url":"https:\/\/miody-huzar.pl\/sklep\/wp-content\/uploads\/2023\/06\/Seria-Standard-Miod-GRYCZANY-400-G.jpg","type":"image\/jpeg"}],"twitter_card":"summary_large_image","twitter_misc":{"Szacowany czas czytania":"1 minuta"},"schema":{"@context":"https:\/\/schema.org","@graph":[{"@type":"WebPage","@id":"https:\/\/miody-huzar.pl\/sklep\/produkt\/miod-gryczany-400g\/","url":"https:\/\/miody-huzar.pl\/sklep\/produkt\/miod-gryczany-400g\/","name":"Mi\u00f3d gryczany 400g - Sklep Miody Huzar","isPartOf":{"@id":"https:\/\/miody-huzar.pl\/sklep\/#website"},"primaryImageOfPage":{"@id":"https:\/\/miody-huzar.pl\/sklep\/produkt\/miod-gryczany-400g\/#primaryimage"},"image":{"@id":"https:\/\/miody-huzar.pl\/sklep\/produkt\/miod-gryczany-400g\/#primaryimage"},"thumbnailUrl":"https:\/\/miody-huzar.pl\/sklep\/wp-content\/uploads\/2023\/06\/Seria-Standard-Miod-GRYCZANY-400-G.jpg","datePublished":"2023-06-16T11:59:26+00:00","dateModified":"2025-10-13T09:39:06+00:00","description":"Mi\u00f3d nektarowy gryczany\u00a0 ma zdecydowany charakter. Jest wyj\u0105tkowy ze wzgl\u0119du na sw\u00f3j wyrazisty smak i intensywny aromat kwiat\u00f3w gryki.","breadcrumb":{"@id":"https:\/\/miody-huzar.pl\/sklep\/produkt\/miod-gryczany-400g\/#breadcrumb"},"inLanguage":"pl-PL","potentialAction":[{"@type":"ReadAction","target":["https:\/\/miody-huzar.pl\/sklep\/produkt\/miod-gryczany-400g\/"]}]},{"@type":"ImageObject","inLanguage":"pl-PL","@id":"https:\/\/miody-huzar.pl\/sklep\/produkt\/miod-gryczany-400g\/#primaryimage","url":"https:\/\/miody-huzar.pl\/sklep\/wp-content\/uploads\/2023\/06\/Seria-Standard-Miod-GRYCZANY-400-G.jpg","contentUrl":"https:\/\/miody-huzar.pl\/sklep\/wp-content\/uploads\/2023\/06\/Seria-Standard-Miod-GRYCZANY-400-G.jpg","width":800,"height":1000},{"@type":"BreadcrumbList","@id":"https:\/\/miody-huzar.pl\/sklep\/produkt\/miod-gryczany-400g\/#breadcrumb","itemListElement":[{"@type":"ListItem","position":1,"name":"Strona g\u0142\u00f3wna","item":"https:\/\/miody-huzar.pl\/sklep\/"},{"@type":"ListItem","position":2,"name":"Miody HUZAR","item":"https:\/\/miody-huzar.pl\/sklep\/"},{"@type":"ListItem","position":3,"name":"Mi\u00f3d gryczany 400g"}]},{"@type":"WebSite","@id":"https:\/\/miody-huzar.pl\/sklep\/#website","url":"https:\/\/miody-huzar.pl\/sklep\/","name":"Sklep Miody Huzar","description":"","publisher":{"@id":"https:\/\/miody-huzar.pl\/sklep\/#organization"},"potentialAction":[{"@type":"SearchAction","target":{"@type":"EntryPoint","urlTemplate":"https:\/\/miody-huzar.pl\/sklep\/?s={search_term_string}"},"query-input":{"@type":"PropertyValueSpecification","valueRequired":true,"valueName":"search_term_string"}}],"inLanguage":"pl-PL"},{"@type":"Organization","@id":"https:\/\/miody-huzar.pl\/sklep\/#organization","name":"Huzar Sp. z o.o.","url":"https:\/\/miody-huzar.pl\/sklep\/","logo":{"@type":"ImageObject","inLanguage":"pl-PL","@id":"https:\/\/miody-huzar.pl\/sklep\/#\/schema\/logo\/image\/","url":"https:\/\/miody-huzar.pl\/sklep\/wp-content\/uploads\/2026\/02\/cropped-logo-Huzar-33.png","contentUrl":"https:\/\/miody-huzar.pl\/sklep\/wp-content\/uploads\/2026\/02\/cropped-logo-Huzar-33.png","width":1826,"height":342,"caption":"Huzar Sp. z o.o."},"image":{"@id":"https:\/\/miody-huzar.pl\/sklep\/#\/schema\/logo\/image\/"},"sameAs":["https:\/\/www.facebook.com\/miodyhuzar\/","https:\/\/www.instagram.com\/miodyhuzar\/","https:\/\/www.linkedin.com\/company\/miody-huzar\/"]}]}},"_links":{"self":[{"href":"https:\/\/miody-huzar.pl\/sklep\/wp-json\/wp\/v2\/product\/204","targetHints":{"allow":["GET"]}}],"collection":[{"href":"https:\/\/miody-huzar.pl\/sklep\/wp-json\/wp\/v2\/product"}],"about":[{"href":"https:\/\/miody-huzar.pl\/sklep\/wp-json\/wp\/v2\/types\/product"}],"wp:featuredmedia":[{"embeddable":true,"href":"https:\/\/miody-huzar.pl\/sklep\/wp-json\/wp\/v2\/media\/205"}],"wp:attachment":[{"href":"https:\/\/miody-huzar.pl\/sklep\/wp-json\/wp\/v2\/media?parent=204"}],"wp:term":[{"taxonomy":"product_brand","embeddable":true,"href":"https:\/\/miody-huzar.pl\/sklep\/wp-json\/wp\/v2\/product_brand?post=204"},{"taxonomy":"product_cat","embeddable":true,"href":"https:\/\/miody-huzar.pl\/sklep\/wp-json\/wp\/v2\/product_cat?post=204"},{"taxonomy":"product_tag","embeddable":true,"href":"https:\/\/miody-huzar.pl\/sklep\/wp-json\/wp\/v2\/product_tag?post=204"}],"curies":[{"name":"wp","href":"https:\/\/api.w.org\/{rel}","templated":true}]}}