{"id":61,"date":"2023-05-22T11:20:58","date_gmt":"2023-05-22T09:20:58","guid":{"rendered":"https:\/\/miody-huzar.pl\/sklep\/?post_type=product&#038;p=61"},"modified":"2026-01-05T14:23:22","modified_gmt":"2026-01-05T13:23:22","slug":"miod-nektarowy-rzepakowy-400g","status":"publish","type":"product","link":"https:\/\/miody-huzar.pl\/sklep\/produkt\/miod-nektarowy-rzepakowy-400g\/","title":{"rendered":"Mi\u00f3d polski rzepakowy 400g"},"content":{"rendered":"<h3 style=\"text-align: center;\">Mi\u00f3d nektarowy rzepakowy<\/h3>\n<h3 style=\"text-align: center;\"><strong>Masa netto:<\/strong>\u00a0400 g<\/h3>\n<p style=\"text-align: center;\"><strong>Kraj pochodzenia:<\/strong>\u00a0Polska<\/p>\n<p style=\"text-align: center;\">Przechowywa\u0107 w suchym i ch\u0142odnym miejscu.<br \/>\nUlega naturalnej krystalizacji.<\/p>\n<p style=\"text-align: center;\">Producent:\u00a0Huzar sp. z o.o. ul. Tarnowska 161 33-300 Nowy S\u0105cz<\/p>\n<p><img loading=\"lazy\" decoding=\"async\" class=\"size-medium wp-image-649 aligncenter\" src=\"https:\/\/miody-huzar.pl\/sklep\/wp-content\/uploads\/2023\/05\/tabela-Wartosci-Miod-Rzepakowy-300x254.jpg\" alt=\"\" width=\"300\" height=\"254\" srcset=\"https:\/\/miody-huzar.pl\/sklep\/wp-content\/uploads\/2023\/05\/tabela-Wartosci-Miod-Rzepakowy-300x254.jpg 300w, https:\/\/miody-huzar.pl\/sklep\/wp-content\/uploads\/2023\/05\/tabela-Wartosci-Miod-Rzepakowy-1024x866.jpg 1024w, https:\/\/miody-huzar.pl\/sklep\/wp-content\/uploads\/2023\/05\/tabela-Wartosci-Miod-Rzepakowy-768x650.jpg 768w, https:\/\/miody-huzar.pl\/sklep\/wp-content\/uploads\/2023\/05\/tabela-Wartosci-Miod-Rzepakowy-324x274.jpg 324w, https:\/\/miody-huzar.pl\/sklep\/wp-content\/uploads\/2023\/05\/tabela-Wartosci-Miod-Rzepakowy-416x352.jpg 416w, https:\/\/miody-huzar.pl\/sklep\/wp-content\/uploads\/2023\/05\/tabela-Wartosci-Miod-Rzepakowy.jpg 1303w\" sizes=\"auto, (max-width: 300px) 100vw, 300px\" \/><\/p>\n<p>&nbsp;<\/p>\n","protected":false},"excerpt":{"rendered":"<p>Mi\u00f3d rzepakowy jest odmian\u0105 bardzo charakterystyczn\u0105 dla naszej cz\u0119\u015bci Europy, gdzie wiosn\u0105 krajobraz urozmaicaj\u0105 jaskrawo\u017c\u00f3\u0142te pola rzepaku. Wyr\u00f3\u017cnia\u00a0 go jasny kolor i \u0142agodny s\u0142odki smak, a tak\u017ce niezwyk\u0142y aromat kwiat\u00f3w rzepaku.\u00a0 Jest jednym z najdelikatniejszych miod\u00f3w dlatego polecamy go dzieciom.<\/p>\n<p>Mi\u00f3d rzepakowy na tle innych miod\u00f3w charakteryzuje si\u0119 bardzo wysok\u0105 zawarto\u015bci\u0105 glukozy. W\u0142a\u015bnie dlatego jest zalecany osobom przem\u0119czonym, os\u0142abionym, nara\u017conym na du\u017cy wysi\u0142ek. Oczywi\u015bcie, podobnie jak inne miody jest uznawany za doskona\u0142y produkt w profilaktyce przezi\u0119bie\u0144.<\/p>\n<p>Warto pami\u0119ta\u0107, \u017ce ta odmiana miodu do\u015b\u0107 szybko krystalizuje, a po skrystalizowaniu przybiera barw\u0119 kremowo \u017c\u00f3\u0142t\u0105.<\/p>\n<p>Nasz mi\u00f3d rzepakowy z serii Miody Polskie pochodzi wy\u0142\u0105cznie z pasiek zlokalizowanych na terenie Polski.<\/p>\n<p>Pojemno\u015b\u0107 s\u0142oiczka 400 g.<\/p>\n","protected":false},"featured_media":1682,"template":"","meta":{"_acf_changed":false},"product_brand":[],"product_cat":[16,31,32],"product_tag":[21,19,20],"class_list":{"0":"post-61","1":"product","2":"type-product","3":"status-publish","4":"has-post-thumbnail","6":"product_cat-miody-polskie","7":"product_cat-miody","8":"product_cat-promocje","9":"product_tag-miod-polski","10":"product_tag-miod-rzepakowy","11":"product_tag-miody-polskie","12":"pif-has-gallery","14":"first","15":"instock","16":"sale","17":"shipping-taxable","18":"purchasable","19":"product-type-simple"},"acf":[],"yoast_head":"<!-- This site is optimized with the Yoast SEO plugin v24.8.1 - https:\/\/yoast.com\/wordpress\/plugins\/seo\/ -->\n<title>Mi\u00f3d polski rzepakowy 400g - Sklep Miody Huzar<\/title>\n<meta name=\"description\" content=\"Mi\u00f3d rzepakowy wyr\u00f3\u017cnia jasny kolor i \u0142agodny s\u0142odki smak i aromat kwiat\u00f3w rzepaku.Jest jednym z najdelikatniejszych miod\u00f3w dlatego polecamy go dzieciom.\" \/>\n<meta name=\"robots\" content=\"index, follow, max-snippet:-1, max-image-preview:large, max-video-preview:-1\" \/>\n<link rel=\"canonical\" href=\"https:\/\/miody-huzar.pl\/sklep\/produkt\/miod-nektarowy-rzepakowy-400g\/\" \/>\n<meta property=\"og:locale\" content=\"pl_PL\" \/>\n<meta property=\"og:type\" content=\"article\" \/>\n<meta property=\"og:title\" content=\"Mi\u00f3d polski rzepakowy 400g - Sklep Miody Huzar\" \/>\n<meta property=\"og:description\" content=\"Mi\u00f3d rzepakowy wyr\u00f3\u017cnia jasny kolor i \u0142agodny s\u0142odki smak i aromat kwiat\u00f3w rzepaku.Jest jednym z najdelikatniejszych miod\u00f3w dlatego polecamy go dzieciom.\" \/>\n<meta property=\"og:url\" content=\"https:\/\/miody-huzar.pl\/sklep\/produkt\/miod-nektarowy-rzepakowy-400g\/\" \/>\n<meta property=\"og:site_name\" content=\"Sklep Miody Huzar\" \/>\n<meta property=\"article:publisher\" content=\"https:\/\/www.facebook.com\/miodyhuzar\/\" \/>\n<meta property=\"article:modified_time\" content=\"2026-01-05T13:23:22+00:00\" \/>\n<meta property=\"og:image\" content=\"https:\/\/miody-huzar.pl\/sklep\/wp-content\/uploads\/2023\/05\/Miody-Polskie-rzepakowy-400g-PROMO.jpg\" \/>\n\t<meta property=\"og:image:width\" content=\"800\" \/>\n\t<meta property=\"og:image:height\" content=\"1000\" \/>\n\t<meta property=\"og:image:type\" content=\"image\/jpeg\" \/>\n<meta name=\"twitter:card\" content=\"summary_large_image\" \/>\n<meta name=\"twitter:label1\" content=\"Szacowany czas czytania\" \/>\n\t<meta name=\"twitter:data1\" content=\"1 minuta\" \/>\n<script type=\"application\/ld+json\" class=\"yoast-schema-graph\">{\"@context\":\"https:\/\/schema.org\",\"@graph\":[{\"@type\":\"WebPage\",\"@id\":\"https:\/\/miody-huzar.pl\/sklep\/produkt\/miod-nektarowy-rzepakowy-400g\/\",\"url\":\"https:\/\/miody-huzar.pl\/sklep\/produkt\/miod-nektarowy-rzepakowy-400g\/\",\"name\":\"Mi\u00f3d polski rzepakowy 400g - Sklep Miody Huzar\",\"isPartOf\":{\"@id\":\"https:\/\/miody-huzar.pl\/sklep\/#website\"},\"primaryImageOfPage\":{\"@id\":\"https:\/\/miody-huzar.pl\/sklep\/produkt\/miod-nektarowy-rzepakowy-400g\/#primaryimage\"},\"image\":{\"@id\":\"https:\/\/miody-huzar.pl\/sklep\/produkt\/miod-nektarowy-rzepakowy-400g\/#primaryimage\"},\"thumbnailUrl\":\"https:\/\/miody-huzar.pl\/sklep\/wp-content\/uploads\/2023\/05\/Miody-Polskie-rzepakowy-400g-PROMO.jpg\",\"datePublished\":\"2023-05-22T09:20:58+00:00\",\"dateModified\":\"2026-01-05T13:23:22+00:00\",\"description\":\"Mi\u00f3d rzepakowy wyr\u00f3\u017cnia jasny kolor i \u0142agodny s\u0142odki smak i aromat kwiat\u00f3w rzepaku.Jest jednym z najdelikatniejszych miod\u00f3w dlatego polecamy go dzieciom.\",\"breadcrumb\":{\"@id\":\"https:\/\/miody-huzar.pl\/sklep\/produkt\/miod-nektarowy-rzepakowy-400g\/#breadcrumb\"},\"inLanguage\":\"pl-PL\",\"potentialAction\":[{\"@type\":\"ReadAction\",\"target\":[\"https:\/\/miody-huzar.pl\/sklep\/produkt\/miod-nektarowy-rzepakowy-400g\/\"]}]},{\"@type\":\"ImageObject\",\"inLanguage\":\"pl-PL\",\"@id\":\"https:\/\/miody-huzar.pl\/sklep\/produkt\/miod-nektarowy-rzepakowy-400g\/#primaryimage\",\"url\":\"https:\/\/miody-huzar.pl\/sklep\/wp-content\/uploads\/2023\/05\/Miody-Polskie-rzepakowy-400g-PROMO.jpg\",\"contentUrl\":\"https:\/\/miody-huzar.pl\/sklep\/wp-content\/uploads\/2023\/05\/Miody-Polskie-rzepakowy-400g-PROMO.jpg\",\"width\":800,\"height\":1000},{\"@type\":\"BreadcrumbList\",\"@id\":\"https:\/\/miody-huzar.pl\/sklep\/produkt\/miod-nektarowy-rzepakowy-400g\/#breadcrumb\",\"itemListElement\":[{\"@type\":\"ListItem\",\"position\":1,\"name\":\"Strona g\u0142\u00f3wna\",\"item\":\"https:\/\/miody-huzar.pl\/sklep\/\"},{\"@type\":\"ListItem\",\"position\":2,\"name\":\"Miody HUZAR\",\"item\":\"https:\/\/miody-huzar.pl\/sklep\/\"},{\"@type\":\"ListItem\",\"position\":3,\"name\":\"Mi\u00f3d polski rzepakowy 400g\"}]},{\"@type\":\"WebSite\",\"@id\":\"https:\/\/miody-huzar.pl\/sklep\/#website\",\"url\":\"https:\/\/miody-huzar.pl\/sklep\/\",\"name\":\"Sklep Miody Huzar\",\"description\":\"\",\"publisher\":{\"@id\":\"https:\/\/miody-huzar.pl\/sklep\/#organization\"},\"potentialAction\":[{\"@type\":\"SearchAction\",\"target\":{\"@type\":\"EntryPoint\",\"urlTemplate\":\"https:\/\/miody-huzar.pl\/sklep\/?s={search_term_string}\"},\"query-input\":{\"@type\":\"PropertyValueSpecification\",\"valueRequired\":true,\"valueName\":\"search_term_string\"}}],\"inLanguage\":\"pl-PL\"},{\"@type\":\"Organization\",\"@id\":\"https:\/\/miody-huzar.pl\/sklep\/#organization\",\"name\":\"Huzar Sp. z o.o.\",\"url\":\"https:\/\/miody-huzar.pl\/sklep\/\",\"logo\":{\"@type\":\"ImageObject\",\"inLanguage\":\"pl-PL\",\"@id\":\"https:\/\/miody-huzar.pl\/sklep\/#\/schema\/logo\/image\/\",\"url\":\"https:\/\/miody-huzar.pl\/sklep\/wp-content\/uploads\/2026\/02\/cropped-logo-Huzar-33.png\",\"contentUrl\":\"https:\/\/miody-huzar.pl\/sklep\/wp-content\/uploads\/2026\/02\/cropped-logo-Huzar-33.png\",\"width\":1826,\"height\":342,\"caption\":\"Huzar Sp. z o.o.\"},\"image\":{\"@id\":\"https:\/\/miody-huzar.pl\/sklep\/#\/schema\/logo\/image\/\"},\"sameAs\":[\"https:\/\/www.facebook.com\/miodyhuzar\/\",\"https:\/\/www.instagram.com\/miodyhuzar\/\",\"https:\/\/www.linkedin.com\/company\/miody-huzar\/\"]}]}<\/script>\n<!-- \/ Yoast SEO plugin. -->","yoast_head_json":{"title":"Mi\u00f3d polski rzepakowy 400g - Sklep Miody Huzar","description":"Mi\u00f3d rzepakowy wyr\u00f3\u017cnia jasny kolor i \u0142agodny s\u0142odki smak i aromat kwiat\u00f3w rzepaku.Jest jednym z najdelikatniejszych miod\u00f3w dlatego polecamy go dzieciom.","robots":{"index":"index","follow":"follow","max-snippet":"max-snippet:-1","max-image-preview":"max-image-preview:large","max-video-preview":"max-video-preview:-1"},"canonical":"https:\/\/miody-huzar.pl\/sklep\/produkt\/miod-nektarowy-rzepakowy-400g\/","og_locale":"pl_PL","og_type":"article","og_title":"Mi\u00f3d polski rzepakowy 400g - Sklep Miody Huzar","og_description":"Mi\u00f3d rzepakowy wyr\u00f3\u017cnia jasny kolor i \u0142agodny s\u0142odki smak i aromat kwiat\u00f3w rzepaku.Jest jednym z najdelikatniejszych miod\u00f3w dlatego polecamy go dzieciom.","og_url":"https:\/\/miody-huzar.pl\/sklep\/produkt\/miod-nektarowy-rzepakowy-400g\/","og_site_name":"Sklep Miody Huzar","article_publisher":"https:\/\/www.facebook.com\/miodyhuzar\/","article_modified_time":"2026-01-05T13:23:22+00:00","og_image":[{"width":800,"height":1000,"url":"https:\/\/miody-huzar.pl\/sklep\/wp-content\/uploads\/2023\/05\/Miody-Polskie-rzepakowy-400g-PROMO.jpg","type":"image\/jpeg"}],"twitter_card":"summary_large_image","twitter_misc":{"Szacowany czas czytania":"1 minuta"},"schema":{"@context":"https:\/\/schema.org","@graph":[{"@type":"WebPage","@id":"https:\/\/miody-huzar.pl\/sklep\/produkt\/miod-nektarowy-rzepakowy-400g\/","url":"https:\/\/miody-huzar.pl\/sklep\/produkt\/miod-nektarowy-rzepakowy-400g\/","name":"Mi\u00f3d polski rzepakowy 400g - Sklep Miody Huzar","isPartOf":{"@id":"https:\/\/miody-huzar.pl\/sklep\/#website"},"primaryImageOfPage":{"@id":"https:\/\/miody-huzar.pl\/sklep\/produkt\/miod-nektarowy-rzepakowy-400g\/#primaryimage"},"image":{"@id":"https:\/\/miody-huzar.pl\/sklep\/produkt\/miod-nektarowy-rzepakowy-400g\/#primaryimage"},"thumbnailUrl":"https:\/\/miody-huzar.pl\/sklep\/wp-content\/uploads\/2023\/05\/Miody-Polskie-rzepakowy-400g-PROMO.jpg","datePublished":"2023-05-22T09:20:58+00:00","dateModified":"2026-01-05T13:23:22+00:00","description":"Mi\u00f3d rzepakowy wyr\u00f3\u017cnia jasny kolor i \u0142agodny s\u0142odki smak i aromat kwiat\u00f3w rzepaku.Jest jednym z najdelikatniejszych miod\u00f3w dlatego polecamy go dzieciom.","breadcrumb":{"@id":"https:\/\/miody-huzar.pl\/sklep\/produkt\/miod-nektarowy-rzepakowy-400g\/#breadcrumb"},"inLanguage":"pl-PL","potentialAction":[{"@type":"ReadAction","target":["https:\/\/miody-huzar.pl\/sklep\/produkt\/miod-nektarowy-rzepakowy-400g\/"]}]},{"@type":"ImageObject","inLanguage":"pl-PL","@id":"https:\/\/miody-huzar.pl\/sklep\/produkt\/miod-nektarowy-rzepakowy-400g\/#primaryimage","url":"https:\/\/miody-huzar.pl\/sklep\/wp-content\/uploads\/2023\/05\/Miody-Polskie-rzepakowy-400g-PROMO.jpg","contentUrl":"https:\/\/miody-huzar.pl\/sklep\/wp-content\/uploads\/2023\/05\/Miody-Polskie-rzepakowy-400g-PROMO.jpg","width":800,"height":1000},{"@type":"BreadcrumbList","@id":"https:\/\/miody-huzar.pl\/sklep\/produkt\/miod-nektarowy-rzepakowy-400g\/#breadcrumb","itemListElement":[{"@type":"ListItem","position":1,"name":"Strona g\u0142\u00f3wna","item":"https:\/\/miody-huzar.pl\/sklep\/"},{"@type":"ListItem","position":2,"name":"Miody HUZAR","item":"https:\/\/miody-huzar.pl\/sklep\/"},{"@type":"ListItem","position":3,"name":"Mi\u00f3d polski rzepakowy 400g"}]},{"@type":"WebSite","@id":"https:\/\/miody-huzar.pl\/sklep\/#website","url":"https:\/\/miody-huzar.pl\/sklep\/","name":"Sklep Miody Huzar","description":"","publisher":{"@id":"https:\/\/miody-huzar.pl\/sklep\/#organization"},"potentialAction":[{"@type":"SearchAction","target":{"@type":"EntryPoint","urlTemplate":"https:\/\/miody-huzar.pl\/sklep\/?s={search_term_string}"},"query-input":{"@type":"PropertyValueSpecification","valueRequired":true,"valueName":"search_term_string"}}],"inLanguage":"pl-PL"},{"@type":"Organization","@id":"https:\/\/miody-huzar.pl\/sklep\/#organization","name":"Huzar Sp. z o.o.","url":"https:\/\/miody-huzar.pl\/sklep\/","logo":{"@type":"ImageObject","inLanguage":"pl-PL","@id":"https:\/\/miody-huzar.pl\/sklep\/#\/schema\/logo\/image\/","url":"https:\/\/miody-huzar.pl\/sklep\/wp-content\/uploads\/2026\/02\/cropped-logo-Huzar-33.png","contentUrl":"https:\/\/miody-huzar.pl\/sklep\/wp-content\/uploads\/2026\/02\/cropped-logo-Huzar-33.png","width":1826,"height":342,"caption":"Huzar Sp. z o.o."},"image":{"@id":"https:\/\/miody-huzar.pl\/sklep\/#\/schema\/logo\/image\/"},"sameAs":["https:\/\/www.facebook.com\/miodyhuzar\/","https:\/\/www.instagram.com\/miodyhuzar\/","https:\/\/www.linkedin.com\/company\/miody-huzar\/"]}]}},"_links":{"self":[{"href":"https:\/\/miody-huzar.pl\/sklep\/wp-json\/wp\/v2\/product\/61","targetHints":{"allow":["GET"]}}],"collection":[{"href":"https:\/\/miody-huzar.pl\/sklep\/wp-json\/wp\/v2\/product"}],"about":[{"href":"https:\/\/miody-huzar.pl\/sklep\/wp-json\/wp\/v2\/types\/product"}],"wp:featuredmedia":[{"embeddable":true,"href":"https:\/\/miody-huzar.pl\/sklep\/wp-json\/wp\/v2\/media\/1682"}],"wp:attachment":[{"href":"https:\/\/miody-huzar.pl\/sklep\/wp-json\/wp\/v2\/media?parent=61"}],"wp:term":[{"taxonomy":"product_brand","embeddable":true,"href":"https:\/\/miody-huzar.pl\/sklep\/wp-json\/wp\/v2\/product_brand?post=61"},{"taxonomy":"product_cat","embeddable":true,"href":"https:\/\/miody-huzar.pl\/sklep\/wp-json\/wp\/v2\/product_cat?post=61"},{"taxonomy":"product_tag","embeddable":true,"href":"https:\/\/miody-huzar.pl\/sklep\/wp-json\/wp\/v2\/product_tag?post=61"}],"curies":[{"name":"wp","href":"https:\/\/api.w.org\/{rel}","templated":true}]}}