{"id":73,"date":"2024-03-22T14:47:31","date_gmt":"2024-03-22T13:47:31","guid":{"rendered":"https:\/\/miody-huzar.pl\/sklep\/?post_type=product&#038;p=73"},"modified":"2025-11-03T11:28:34","modified_gmt":"2025-11-03T10:28:34","slug":"miod-nektarowy-wielokwiatowy-kremowany-600g","status":"publish","type":"product","link":"https:\/\/miody-huzar.pl\/sklep\/produkt\/miod-nektarowy-wielokwiatowy-kremowany-600g\/","title":{"rendered":"Mi\u00f3d polski wielokwiatowy kremowany 600g"},"content":{"rendered":"<h3 style=\"text-align: center;\">Mi\u00f3d nektarowy wielokwiatowy kremowany<\/h3>\n<p style=\"text-align: center;\"><strong>Masa netto:<\/strong> 600 g<\/p>\n<p style=\"text-align: center;\"><strong>Kraj pochodzenia:<\/strong>\u00a0Polska<\/p>\n<p style=\"text-align: center;\">Przechowywa\u0107 w suchym i ch\u0142odnym miejscu.<\/p>\n<p style=\"text-align: center;\">Producent:\u00a0Huzar sp. z o.o. ul. Tarnowska 161 33-300 Nowy S\u0105cz<\/p>\n<p>&nbsp;<\/p>\n<p><img loading=\"lazy\" decoding=\"async\" class=\"size-medium wp-image-834 aligncenter\" src=\"https:\/\/miody-huzar.pl\/sklep\/wp-content\/uploads\/2024\/03\/tabela-wartosci-Miod-Wielokwiatowy-300x254.jpg\" alt=\"\" width=\"300\" height=\"254\" srcset=\"https:\/\/miody-huzar.pl\/sklep\/wp-content\/uploads\/2024\/03\/tabela-wartosci-Miod-Wielokwiatowy-300x254.jpg 300w, https:\/\/miody-huzar.pl\/sklep\/wp-content\/uploads\/2024\/03\/tabela-wartosci-Miod-Wielokwiatowy-1024x866.jpg 1024w, https:\/\/miody-huzar.pl\/sklep\/wp-content\/uploads\/2024\/03\/tabela-wartosci-Miod-Wielokwiatowy-768x650.jpg 768w, https:\/\/miody-huzar.pl\/sklep\/wp-content\/uploads\/2024\/03\/tabela-wartosci-Miod-Wielokwiatowy-324x274.jpg 324w, https:\/\/miody-huzar.pl\/sklep\/wp-content\/uploads\/2024\/03\/tabela-wartosci-Miod-Wielokwiatowy-416x352.jpg 416w, https:\/\/miody-huzar.pl\/sklep\/wp-content\/uploads\/2024\/03\/tabela-wartosci-Miod-Wielokwiatowy.jpg 1303w\" sizes=\"auto, (max-width: 300px) 100vw, 300px\" \/><\/p>\n","protected":false},"excerpt":{"rendered":"<p>Mi\u00f3d nektarowy wielokwiatowy kremowany to doskona\u0142y produkt \u015bniadaniowy. \u0141atwo si\u0119 rozsmarowuje na pieczywie i nie \u015bcieka.<\/p>\n<p>Proces kremowania polega na intensywnym mieszaniu miodu w trakcie jego krystalizacji. Dzi\u0119ki temu mi\u00f3d staje si\u0119 g\u0142adki i doskonale nadaje si\u0119 do smarowania na pieczywie. Kremowanie nie wp\u0142ywa na warto\u015bci od\u017cywcze miodu &#8211; nadal zachowuje on wszystkie swoje korzystne w\u0142a\u015bciwo\u015bci. Co wi\u0119cej, efekt kremowania utrzymuje si\u0119 przez wiele miesi\u0119cy, dzi\u0119ki czemu mo\u017cna cieszy\u0107 si\u0119 smakiem i konsystencj\u0105 tego wyj\u0105tkowego produktu przez d\u0142ugi czas.<\/p>\n<p>Mi\u00f3d wielokwiatowy kremowany z serii &#8222;Miody Polskie&#8221; jest wyprodukowany wy\u0142\u0105cznie z nektaru zbieranego przez pszczo\u0142y z pasiek znajduj\u0105cych si\u0119 na terenie Polski. Atrakcyjne opakowanie, wyposa\u017cone w praktyczn\u0105 metalow\u0105 klamr\u0119, idealnie nadaje si\u0119 do wielokrotnego u\u017cytku. Mo\u017cesz w nim przechowywa\u0107 r\u00f3\u017cnorodne drobne kuchenne produkty.<\/p>\n<p>Pojemno\u015b\u0107 s\u0142oiczka: 600 g<\/p>\n","protected":false},"featured_media":978,"template":"","meta":{"_acf_changed":false},"product_brand":[],"product_cat":[16,31],"product_tag":[41,42,20],"class_list":{"0":"post-73","1":"product","2":"type-product","3":"status-publish","4":"has-post-thumbnail","6":"product_cat-miody-polskie","7":"product_cat-miody","8":"product_tag-miod-kremowany","9":"product_tag-miod-wielokwiatowy","10":"product_tag-miody-polskie","11":"pif-has-gallery","13":"first","14":"instock","15":"shipping-taxable","16":"purchasable","17":"product-type-simple"},"acf":[],"yoast_head":"<!-- This site is optimized with the Yoast SEO plugin v24.8.1 - https:\/\/yoast.com\/wordpress\/plugins\/seo\/ -->\n<title>Mi\u00f3d polski wielokwiatowy kremowany 600g - Sklep Miody Huzar<\/title>\n<meta name=\"description\" content=\"Mi\u00f3d nektarowy wielokwiatowy kremowany to doskona\u0142y produkt \u015bniadaniowy.\u00a0Jego delikatna kremowa konsystencja sprawia, \u017ce dobrze si\u0119 smaruje na pieczywie.\" \/>\n<meta name=\"robots\" content=\"index, follow, max-snippet:-1, max-image-preview:large, max-video-preview:-1\" \/>\n<link rel=\"canonical\" href=\"https:\/\/miody-huzar.pl\/sklep\/produkt\/miod-nektarowy-wielokwiatowy-kremowany-600g\/\" \/>\n<meta property=\"og:locale\" content=\"pl_PL\" \/>\n<meta property=\"og:type\" content=\"article\" \/>\n<meta property=\"og:title\" content=\"Mi\u00f3d polski wielokwiatowy kremowany 600g - Sklep Miody Huzar\" \/>\n<meta property=\"og:description\" content=\"Mi\u00f3d nektarowy wielokwiatowy kremowany to doskona\u0142y produkt \u015bniadaniowy.\u00a0Jego delikatna kremowa konsystencja sprawia, \u017ce dobrze si\u0119 smaruje na pieczywie.\" \/>\n<meta property=\"og:url\" content=\"https:\/\/miody-huzar.pl\/sklep\/produkt\/miod-nektarowy-wielokwiatowy-kremowany-600g\/\" \/>\n<meta property=\"og:site_name\" content=\"Sklep Miody Huzar\" \/>\n<meta property=\"article:publisher\" content=\"https:\/\/www.facebook.com\/miodyhuzar\/\" \/>\n<meta property=\"article:modified_time\" content=\"2025-11-03T10:28:34+00:00\" \/>\n<meta property=\"og:image\" content=\"https:\/\/miody-huzar.pl\/sklep\/wp-content\/uploads\/2024\/03\/Miody-Polskie-wielokwiatowy-Kremowany-600-POL.jpg\" \/>\n\t<meta property=\"og:image:width\" content=\"800\" \/>\n\t<meta property=\"og:image:height\" content=\"1000\" \/>\n\t<meta property=\"og:image:type\" content=\"image\/jpeg\" \/>\n<meta name=\"twitter:card\" content=\"summary_large_image\" \/>\n<meta name=\"twitter:label1\" content=\"Szacowany czas czytania\" \/>\n\t<meta name=\"twitter:data1\" content=\"1 minuta\" \/>\n<script type=\"application\/ld+json\" class=\"yoast-schema-graph\">{\"@context\":\"https:\/\/schema.org\",\"@graph\":[{\"@type\":\"WebPage\",\"@id\":\"https:\/\/miody-huzar.pl\/sklep\/produkt\/miod-nektarowy-wielokwiatowy-kremowany-600g\/\",\"url\":\"https:\/\/miody-huzar.pl\/sklep\/produkt\/miod-nektarowy-wielokwiatowy-kremowany-600g\/\",\"name\":\"Mi\u00f3d polski wielokwiatowy kremowany 600g - Sklep Miody Huzar\",\"isPartOf\":{\"@id\":\"https:\/\/miody-huzar.pl\/sklep\/#website\"},\"primaryImageOfPage\":{\"@id\":\"https:\/\/miody-huzar.pl\/sklep\/produkt\/miod-nektarowy-wielokwiatowy-kremowany-600g\/#primaryimage\"},\"image\":{\"@id\":\"https:\/\/miody-huzar.pl\/sklep\/produkt\/miod-nektarowy-wielokwiatowy-kremowany-600g\/#primaryimage\"},\"thumbnailUrl\":\"https:\/\/miody-huzar.pl\/sklep\/wp-content\/uploads\/2024\/03\/Miody-Polskie-wielokwiatowy-Kremowany-600-POL.jpg\",\"datePublished\":\"2024-03-22T13:47:31+00:00\",\"dateModified\":\"2025-11-03T10:28:34+00:00\",\"description\":\"Mi\u00f3d nektarowy wielokwiatowy kremowany to doskona\u0142y produkt \u015bniadaniowy.\u00a0Jego delikatna kremowa konsystencja sprawia, \u017ce dobrze si\u0119 smaruje na pieczywie.\",\"breadcrumb\":{\"@id\":\"https:\/\/miody-huzar.pl\/sklep\/produkt\/miod-nektarowy-wielokwiatowy-kremowany-600g\/#breadcrumb\"},\"inLanguage\":\"pl-PL\",\"potentialAction\":[{\"@type\":\"ReadAction\",\"target\":[\"https:\/\/miody-huzar.pl\/sklep\/produkt\/miod-nektarowy-wielokwiatowy-kremowany-600g\/\"]}]},{\"@type\":\"ImageObject\",\"inLanguage\":\"pl-PL\",\"@id\":\"https:\/\/miody-huzar.pl\/sklep\/produkt\/miod-nektarowy-wielokwiatowy-kremowany-600g\/#primaryimage\",\"url\":\"https:\/\/miody-huzar.pl\/sklep\/wp-content\/uploads\/2024\/03\/Miody-Polskie-wielokwiatowy-Kremowany-600-POL.jpg\",\"contentUrl\":\"https:\/\/miody-huzar.pl\/sklep\/wp-content\/uploads\/2024\/03\/Miody-Polskie-wielokwiatowy-Kremowany-600-POL.jpg\",\"width\":800,\"height\":1000},{\"@type\":\"BreadcrumbList\",\"@id\":\"https:\/\/miody-huzar.pl\/sklep\/produkt\/miod-nektarowy-wielokwiatowy-kremowany-600g\/#breadcrumb\",\"itemListElement\":[{\"@type\":\"ListItem\",\"position\":1,\"name\":\"Strona g\u0142\u00f3wna\",\"item\":\"https:\/\/miody-huzar.pl\/sklep\/\"},{\"@type\":\"ListItem\",\"position\":2,\"name\":\"Miody HUZAR\",\"item\":\"https:\/\/miody-huzar.pl\/sklep\/\"},{\"@type\":\"ListItem\",\"position\":3,\"name\":\"Mi\u00f3d polski wielokwiatowy kremowany 600g\"}]},{\"@type\":\"WebSite\",\"@id\":\"https:\/\/miody-huzar.pl\/sklep\/#website\",\"url\":\"https:\/\/miody-huzar.pl\/sklep\/\",\"name\":\"Sklep Miody Huzar\",\"description\":\"\",\"publisher\":{\"@id\":\"https:\/\/miody-huzar.pl\/sklep\/#organization\"},\"potentialAction\":[{\"@type\":\"SearchAction\",\"target\":{\"@type\":\"EntryPoint\",\"urlTemplate\":\"https:\/\/miody-huzar.pl\/sklep\/?s={search_term_string}\"},\"query-input\":{\"@type\":\"PropertyValueSpecification\",\"valueRequired\":true,\"valueName\":\"search_term_string\"}}],\"inLanguage\":\"pl-PL\"},{\"@type\":\"Organization\",\"@id\":\"https:\/\/miody-huzar.pl\/sklep\/#organization\",\"name\":\"Huzar Sp. z o.o.\",\"url\":\"https:\/\/miody-huzar.pl\/sklep\/\",\"logo\":{\"@type\":\"ImageObject\",\"inLanguage\":\"pl-PL\",\"@id\":\"https:\/\/miody-huzar.pl\/sklep\/#\/schema\/logo\/image\/\",\"url\":\"https:\/\/miody-huzar.pl\/sklep\/wp-content\/uploads\/2026\/02\/cropped-logo-Huzar-33.png\",\"contentUrl\":\"https:\/\/miody-huzar.pl\/sklep\/wp-content\/uploads\/2026\/02\/cropped-logo-Huzar-33.png\",\"width\":1826,\"height\":342,\"caption\":\"Huzar Sp. z o.o.\"},\"image\":{\"@id\":\"https:\/\/miody-huzar.pl\/sklep\/#\/schema\/logo\/image\/\"},\"sameAs\":[\"https:\/\/www.facebook.com\/miodyhuzar\/\",\"https:\/\/www.instagram.com\/miodyhuzar\/\",\"https:\/\/www.linkedin.com\/company\/miody-huzar\/\"]}]}<\/script>\n<!-- \/ Yoast SEO plugin. -->","yoast_head_json":{"title":"Mi\u00f3d polski wielokwiatowy kremowany 600g - Sklep Miody Huzar","description":"Mi\u00f3d nektarowy wielokwiatowy kremowany to doskona\u0142y produkt \u015bniadaniowy.\u00a0Jego delikatna kremowa konsystencja sprawia, \u017ce dobrze si\u0119 smaruje na pieczywie.","robots":{"index":"index","follow":"follow","max-snippet":"max-snippet:-1","max-image-preview":"max-image-preview:large","max-video-preview":"max-video-preview:-1"},"canonical":"https:\/\/miody-huzar.pl\/sklep\/produkt\/miod-nektarowy-wielokwiatowy-kremowany-600g\/","og_locale":"pl_PL","og_type":"article","og_title":"Mi\u00f3d polski wielokwiatowy kremowany 600g - Sklep Miody Huzar","og_description":"Mi\u00f3d nektarowy wielokwiatowy kremowany to doskona\u0142y produkt \u015bniadaniowy.\u00a0Jego delikatna kremowa konsystencja sprawia, \u017ce dobrze si\u0119 smaruje na pieczywie.","og_url":"https:\/\/miody-huzar.pl\/sklep\/produkt\/miod-nektarowy-wielokwiatowy-kremowany-600g\/","og_site_name":"Sklep Miody Huzar","article_publisher":"https:\/\/www.facebook.com\/miodyhuzar\/","article_modified_time":"2025-11-03T10:28:34+00:00","og_image":[{"width":800,"height":1000,"url":"https:\/\/miody-huzar.pl\/sklep\/wp-content\/uploads\/2024\/03\/Miody-Polskie-wielokwiatowy-Kremowany-600-POL.jpg","type":"image\/jpeg"}],"twitter_card":"summary_large_image","twitter_misc":{"Szacowany czas czytania":"1 minuta"},"schema":{"@context":"https:\/\/schema.org","@graph":[{"@type":"WebPage","@id":"https:\/\/miody-huzar.pl\/sklep\/produkt\/miod-nektarowy-wielokwiatowy-kremowany-600g\/","url":"https:\/\/miody-huzar.pl\/sklep\/produkt\/miod-nektarowy-wielokwiatowy-kremowany-600g\/","name":"Mi\u00f3d polski wielokwiatowy kremowany 600g - Sklep Miody Huzar","isPartOf":{"@id":"https:\/\/miody-huzar.pl\/sklep\/#website"},"primaryImageOfPage":{"@id":"https:\/\/miody-huzar.pl\/sklep\/produkt\/miod-nektarowy-wielokwiatowy-kremowany-600g\/#primaryimage"},"image":{"@id":"https:\/\/miody-huzar.pl\/sklep\/produkt\/miod-nektarowy-wielokwiatowy-kremowany-600g\/#primaryimage"},"thumbnailUrl":"https:\/\/miody-huzar.pl\/sklep\/wp-content\/uploads\/2024\/03\/Miody-Polskie-wielokwiatowy-Kremowany-600-POL.jpg","datePublished":"2024-03-22T13:47:31+00:00","dateModified":"2025-11-03T10:28:34+00:00","description":"Mi\u00f3d nektarowy wielokwiatowy kremowany to doskona\u0142y produkt \u015bniadaniowy.\u00a0Jego delikatna kremowa konsystencja sprawia, \u017ce dobrze si\u0119 smaruje na pieczywie.","breadcrumb":{"@id":"https:\/\/miody-huzar.pl\/sklep\/produkt\/miod-nektarowy-wielokwiatowy-kremowany-600g\/#breadcrumb"},"inLanguage":"pl-PL","potentialAction":[{"@type":"ReadAction","target":["https:\/\/miody-huzar.pl\/sklep\/produkt\/miod-nektarowy-wielokwiatowy-kremowany-600g\/"]}]},{"@type":"ImageObject","inLanguage":"pl-PL","@id":"https:\/\/miody-huzar.pl\/sklep\/produkt\/miod-nektarowy-wielokwiatowy-kremowany-600g\/#primaryimage","url":"https:\/\/miody-huzar.pl\/sklep\/wp-content\/uploads\/2024\/03\/Miody-Polskie-wielokwiatowy-Kremowany-600-POL.jpg","contentUrl":"https:\/\/miody-huzar.pl\/sklep\/wp-content\/uploads\/2024\/03\/Miody-Polskie-wielokwiatowy-Kremowany-600-POL.jpg","width":800,"height":1000},{"@type":"BreadcrumbList","@id":"https:\/\/miody-huzar.pl\/sklep\/produkt\/miod-nektarowy-wielokwiatowy-kremowany-600g\/#breadcrumb","itemListElement":[{"@type":"ListItem","position":1,"name":"Strona g\u0142\u00f3wna","item":"https:\/\/miody-huzar.pl\/sklep\/"},{"@type":"ListItem","position":2,"name":"Miody HUZAR","item":"https:\/\/miody-huzar.pl\/sklep\/"},{"@type":"ListItem","position":3,"name":"Mi\u00f3d polski wielokwiatowy kremowany 600g"}]},{"@type":"WebSite","@id":"https:\/\/miody-huzar.pl\/sklep\/#website","url":"https:\/\/miody-huzar.pl\/sklep\/","name":"Sklep Miody Huzar","description":"","publisher":{"@id":"https:\/\/miody-huzar.pl\/sklep\/#organization"},"potentialAction":[{"@type":"SearchAction","target":{"@type":"EntryPoint","urlTemplate":"https:\/\/miody-huzar.pl\/sklep\/?s={search_term_string}"},"query-input":{"@type":"PropertyValueSpecification","valueRequired":true,"valueName":"search_term_string"}}],"inLanguage":"pl-PL"},{"@type":"Organization","@id":"https:\/\/miody-huzar.pl\/sklep\/#organization","name":"Huzar Sp. z o.o.","url":"https:\/\/miody-huzar.pl\/sklep\/","logo":{"@type":"ImageObject","inLanguage":"pl-PL","@id":"https:\/\/miody-huzar.pl\/sklep\/#\/schema\/logo\/image\/","url":"https:\/\/miody-huzar.pl\/sklep\/wp-content\/uploads\/2026\/02\/cropped-logo-Huzar-33.png","contentUrl":"https:\/\/miody-huzar.pl\/sklep\/wp-content\/uploads\/2026\/02\/cropped-logo-Huzar-33.png","width":1826,"height":342,"caption":"Huzar Sp. z o.o."},"image":{"@id":"https:\/\/miody-huzar.pl\/sklep\/#\/schema\/logo\/image\/"},"sameAs":["https:\/\/www.facebook.com\/miodyhuzar\/","https:\/\/www.instagram.com\/miodyhuzar\/","https:\/\/www.linkedin.com\/company\/miody-huzar\/"]}]}},"_links":{"self":[{"href":"https:\/\/miody-huzar.pl\/sklep\/wp-json\/wp\/v2\/product\/73","targetHints":{"allow":["GET"]}}],"collection":[{"href":"https:\/\/miody-huzar.pl\/sklep\/wp-json\/wp\/v2\/product"}],"about":[{"href":"https:\/\/miody-huzar.pl\/sklep\/wp-json\/wp\/v2\/types\/product"}],"wp:featuredmedia":[{"embeddable":true,"href":"https:\/\/miody-huzar.pl\/sklep\/wp-json\/wp\/v2\/media\/978"}],"wp:attachment":[{"href":"https:\/\/miody-huzar.pl\/sklep\/wp-json\/wp\/v2\/media?parent=73"}],"wp:term":[{"taxonomy":"product_brand","embeddable":true,"href":"https:\/\/miody-huzar.pl\/sklep\/wp-json\/wp\/v2\/product_brand?post=73"},{"taxonomy":"product_cat","embeddable":true,"href":"https:\/\/miody-huzar.pl\/sklep\/wp-json\/wp\/v2\/product_cat?post=73"},{"taxonomy":"product_tag","embeddable":true,"href":"https:\/\/miody-huzar.pl\/sklep\/wp-json\/wp\/v2\/product_tag?post=73"}],"curies":[{"name":"wp","href":"https:\/\/api.w.org\/{rel}","templated":true}]}}