{"id":91,"date":"2023-05-25T12:10:22","date_gmt":"2023-05-25T10:10:22","guid":{"rendered":"https:\/\/miody-huzar.pl\/sklep\/?post_type=product&#038;p=91"},"modified":"2025-08-27T10:07:48","modified_gmt":"2025-08-27T08:07:48","slug":"miod-nektarowy-rzepakowy-600-g","status":"publish","type":"product","link":"https:\/\/miody-huzar.pl\/sklep\/produkt\/miod-nektarowy-rzepakowy-600-g\/","title":{"rendered":"Mi\u00f3d polski rzepakowy 600g"},"content":{"rendered":"<h3 style=\"text-align: center;\">Mi\u00f3d nektarowy rzepakowy<\/h3>\n<h3 style=\"text-align: center;\"><strong>Masa netto:<\/strong> 600 g<\/h3>\n<p style=\"text-align: center;\"><strong>Kraj pochodzenia:<\/strong>\u00a0Polska<\/p>\n<p style=\"text-align: center;\">Przechowywa\u0107 w suchym i ch\u0142odnym miejscu.<br \/>\nUlega naturalnej krystalizacji.<\/p>\n<p style=\"text-align: center;\">Producent:\u00a0Huzar sp. z o.o. ul. Tarnowska 161 33-300 Nowy S\u0105cz<\/p>\n<p><img loading=\"lazy\" decoding=\"async\" class=\"size-medium wp-image-649 aligncenter\" src=\"https:\/\/miody-huzar.pl\/sklep\/wp-content\/uploads\/2023\/05\/tabela-Wartosci-Miod-Rzepakowy-300x254.jpg\" alt=\"\" width=\"300\" height=\"254\" srcset=\"https:\/\/miody-huzar.pl\/sklep\/wp-content\/uploads\/2023\/05\/tabela-Wartosci-Miod-Rzepakowy-300x254.jpg 300w, https:\/\/miody-huzar.pl\/sklep\/wp-content\/uploads\/2023\/05\/tabela-Wartosci-Miod-Rzepakowy-1024x866.jpg 1024w, https:\/\/miody-huzar.pl\/sklep\/wp-content\/uploads\/2023\/05\/tabela-Wartosci-Miod-Rzepakowy-768x650.jpg 768w, https:\/\/miody-huzar.pl\/sklep\/wp-content\/uploads\/2023\/05\/tabela-Wartosci-Miod-Rzepakowy-324x274.jpg 324w, https:\/\/miody-huzar.pl\/sklep\/wp-content\/uploads\/2023\/05\/tabela-Wartosci-Miod-Rzepakowy-416x352.jpg 416w, https:\/\/miody-huzar.pl\/sklep\/wp-content\/uploads\/2023\/05\/tabela-Wartosci-Miod-Rzepakowy.jpg 1303w\" sizes=\"auto, (max-width: 300px) 100vw, 300px\" \/><\/p>\n<p>Ozdobne opakowanie zamykane praktyczn\u0105 metalow\u0105 klamr\u0105 jest idealne do wielokrotnego wykorzystania i mo\u017ce by\u0107 wykorzystane do przechowywania r\u00f3\u017cnych drobnych kuchennych produkt\u00f3w. Oto kilka przyk\u0142ad\u00f3w, jak mo\u017cna wykorzysta\u0107 takie opakowanie:<\/p>\n<div class=\"flex-1 overflow-hidden\">\n<div class=\"react-scroll-to-bottom--css-sjfmf-79elbk h-full dark:bg-gray-800\">\n<div class=\"react-scroll-to-bottom--css-sjfmf-1n7m0yu\">\n<div class=\"flex flex-col text-sm dark:bg-gray-800\">\n<div class=\"group w-full text-gray-800 dark:text-gray-100 border-b border-black\/10 dark:border-gray-900\/50 bg-gray-50 dark:bg-[#444654]\">\n<div class=\"flex p-4 gap-4 text-base md:gap-6 md:max-w-2xl lg:max-w-xl xl:max-w-3xl md:py-6 lg:px-0 m-auto\">\n<div class=\"relative flex w-[calc(100%-50px)] flex-col gap-1 md:gap-3 lg:w-[calc(100%-115px)]\">\n<div class=\"flex flex-grow flex-col gap-3\">\n<div class=\"min-h-[20px] flex flex-col items-start gap-4 whitespace-pre-wrap break-words\">\n<div class=\"markdown prose w-full break-words dark:prose-invert light\">\n<ol>\n<li>Przechowywanie przypraw takich jak s\u00f3l, pieprz, cynamon, oregano itp. Metalowa klamra zapewni bezpieczne zamkni\u0119cie, chroni\u0105c przyprawy przed wilgoci\u0105 i utrat\u0105 aromatu.<\/li>\n<li>Przechowywanie herbaty lub kawy.<\/li>\n<li>Przechowywanie drobnych akcesori\u00f3w kuchennych jak spinacze do torebek, klipsy do work\u00f3w foliowych, gumki recepturki itp. Dzi\u0119ki temu b\u0119dziesz mie\u0107 je zawsze pod r\u0119k\u0105 i zorganizowane.<\/li>\n<li>Przechowywanie bakalii jak orzechy, rodzynki, \u017curawina itp., opakowanie z klamr\u0105 mo\u017ce zapewni\u0107 im d\u0142ugotrwa\u0142e przechowywanie, zachowuj\u0105c ich \u015bwie\u017co\u015b\u0107.<\/li>\n<\/ol>\n<\/div>\n<\/div>\n<\/div>\n<\/div>\n<\/div>\n<\/div>\n<\/div>\n<\/div>\n<\/div>\n<\/div>\n","protected":false},"excerpt":{"rendered":"<p>Mi\u00f3d rzepakowy to charakterystyczna odmiana wyst\u0119puj\u0105ca g\u0142\u00f3wnie w naszej cz\u0119\u015bci Europy, gdzie wiosn\u0105 pola rzepaku roz\u015bwietlaj\u0105 krajobraz intensywnie \u017c\u00f3\u0142tymi barwami.<\/p>\n<p>Nasz Mi\u00f3d Polski rzepakowy pochodzi wy\u0142\u0105cznie z pasiek znajduj\u0105cych si\u0119 na terenie Polski.<\/p>\n<p>Mi\u00f3d rzepakowy wyr\u00f3\u017cnia si\u0119 niezwykle wysok\u0105 zawarto\u015bci\u0105 glukozy, dlatego jest szczeg\u00f3lnie polecany dla os\u00f3b przem\u0119czonych, os\u0142abionych lub nara\u017conych na intensywny wysi\u0142ek fizyczny. Zawarto\u015b\u0107 potasu i magnezu czyni go r\u00f3wnie\u017c korzystnym dla os\u00f3b z problemami uk\u0142adu krwiono\u015bnego. Podobnie jak wi\u0119kszo\u015b\u0107 innych miod\u00f3w, rzepakowy ma w\u0142a\u015bciwo\u015bci wspomagaj\u0105ce zwalczanie przezi\u0119bie\u0144 i chor\u00f3b uk\u0142adu oddechowego. Mi\u00f3d ten jest\u00a0podatny na szybk\u0105 krystalizacj\u0119, po kt\u00f3rej przyjmuje kremowo-\u017c\u00f3\u0142t\u0105 barw\u0119.<\/p>\n<p>Ze wzgl\u0119du na swoj\u0105 \u0142agodno\u015b\u0107, jest to mi\u00f3d szczeg\u00f3lnie polecany dzieciom.<\/p>\n<p>Pojemno\u015b\u0107 s\u0142oiczka 600 g.<\/p>\n","protected":false},"featured_media":951,"template":"","meta":{"_acf_changed":false},"product_brand":[],"product_cat":[16,31,33],"product_tag":[21,19,20],"class_list":{"0":"post-91","1":"product","2":"type-product","3":"status-publish","4":"has-post-thumbnail","6":"product_cat-miody-polskie","7":"product_cat-miody","8":"product_cat-bestsellery","9":"product_tag-miod-polski","10":"product_tag-miod-rzepakowy","11":"product_tag-miody-polskie","12":"pif-has-gallery","14":"first","15":"instock","16":"shipping-taxable","17":"purchasable","18":"product-type-simple"},"acf":[],"yoast_head":"<!-- This site is optimized with the Yoast SEO plugin v24.8.1 - https:\/\/yoast.com\/wordpress\/plugins\/seo\/ -->\n<title>Mi\u00f3d polski rzepakowy 600g - Sklep Miody Huzar<\/title>\n<meta name=\"description\" content=\"Mi\u00f3d nektarowy rzepakowy\u00a0charakteryzuje si\u0119 jasnym odcieniem oraz delikatnym, s\u0142odkim smakiem i aromatem kwiat\u00f3w rzepaku.\" \/>\n<meta name=\"robots\" content=\"index, follow, max-snippet:-1, max-image-preview:large, max-video-preview:-1\" \/>\n<link rel=\"canonical\" href=\"https:\/\/miody-huzar.pl\/sklep\/produkt\/miod-nektarowy-rzepakowy-600-g\/\" \/>\n<meta property=\"og:locale\" content=\"pl_PL\" \/>\n<meta property=\"og:type\" content=\"article\" \/>\n<meta property=\"og:title\" content=\"Mi\u00f3d polski rzepakowy 600g - Sklep Miody Huzar\" \/>\n<meta property=\"og:description\" content=\"Mi\u00f3d nektarowy rzepakowy\u00a0charakteryzuje si\u0119 jasnym odcieniem oraz delikatnym, s\u0142odkim smakiem i aromatem kwiat\u00f3w rzepaku.\" \/>\n<meta property=\"og:url\" content=\"https:\/\/miody-huzar.pl\/sklep\/produkt\/miod-nektarowy-rzepakowy-600-g\/\" \/>\n<meta property=\"og:site_name\" content=\"Sklep Miody Huzar\" \/>\n<meta property=\"article:publisher\" content=\"https:\/\/www.facebook.com\/miodyhuzar\/\" \/>\n<meta property=\"article:modified_time\" content=\"2025-08-27T08:07:48+00:00\" \/>\n<meta property=\"og:image\" content=\"https:\/\/miody-huzar.pl\/sklep\/wp-content\/uploads\/2023\/05\/miod-polski-rzepakowy-600-PL.png\" \/>\n\t<meta property=\"og:image:width\" content=\"800\" \/>\n\t<meta property=\"og:image:height\" content=\"1000\" \/>\n\t<meta property=\"og:image:type\" content=\"image\/png\" \/>\n<meta name=\"twitter:card\" content=\"summary_large_image\" \/>\n<meta name=\"twitter:label1\" content=\"Szacowany czas czytania\" \/>\n\t<meta name=\"twitter:data1\" content=\"2 minuty\" \/>\n<script type=\"application\/ld+json\" class=\"yoast-schema-graph\">{\"@context\":\"https:\/\/schema.org\",\"@graph\":[{\"@type\":\"WebPage\",\"@id\":\"https:\/\/miody-huzar.pl\/sklep\/produkt\/miod-nektarowy-rzepakowy-600-g\/\",\"url\":\"https:\/\/miody-huzar.pl\/sklep\/produkt\/miod-nektarowy-rzepakowy-600-g\/\",\"name\":\"Mi\u00f3d polski rzepakowy 600g - Sklep Miody Huzar\",\"isPartOf\":{\"@id\":\"https:\/\/miody-huzar.pl\/sklep\/#website\"},\"primaryImageOfPage\":{\"@id\":\"https:\/\/miody-huzar.pl\/sklep\/produkt\/miod-nektarowy-rzepakowy-600-g\/#primaryimage\"},\"image\":{\"@id\":\"https:\/\/miody-huzar.pl\/sklep\/produkt\/miod-nektarowy-rzepakowy-600-g\/#primaryimage\"},\"thumbnailUrl\":\"https:\/\/miody-huzar.pl\/sklep\/wp-content\/uploads\/2023\/05\/miod-polski-rzepakowy-600-PL.png\",\"datePublished\":\"2023-05-25T10:10:22+00:00\",\"dateModified\":\"2025-08-27T08:07:48+00:00\",\"description\":\"Mi\u00f3d nektarowy rzepakowy\u00a0charakteryzuje si\u0119 jasnym odcieniem oraz delikatnym, s\u0142odkim smakiem i aromatem kwiat\u00f3w rzepaku.\",\"breadcrumb\":{\"@id\":\"https:\/\/miody-huzar.pl\/sklep\/produkt\/miod-nektarowy-rzepakowy-600-g\/#breadcrumb\"},\"inLanguage\":\"pl-PL\",\"potentialAction\":[{\"@type\":\"ReadAction\",\"target\":[\"https:\/\/miody-huzar.pl\/sklep\/produkt\/miod-nektarowy-rzepakowy-600-g\/\"]}]},{\"@type\":\"ImageObject\",\"inLanguage\":\"pl-PL\",\"@id\":\"https:\/\/miody-huzar.pl\/sklep\/produkt\/miod-nektarowy-rzepakowy-600-g\/#primaryimage\",\"url\":\"https:\/\/miody-huzar.pl\/sklep\/wp-content\/uploads\/2023\/05\/miod-polski-rzepakowy-600-PL.png\",\"contentUrl\":\"https:\/\/miody-huzar.pl\/sklep\/wp-content\/uploads\/2023\/05\/miod-polski-rzepakowy-600-PL.png\",\"width\":800,\"height\":1000},{\"@type\":\"BreadcrumbList\",\"@id\":\"https:\/\/miody-huzar.pl\/sklep\/produkt\/miod-nektarowy-rzepakowy-600-g\/#breadcrumb\",\"itemListElement\":[{\"@type\":\"ListItem\",\"position\":1,\"name\":\"Strona g\u0142\u00f3wna\",\"item\":\"https:\/\/miody-huzar.pl\/sklep\/\"},{\"@type\":\"ListItem\",\"position\":2,\"name\":\"Miody HUZAR\",\"item\":\"https:\/\/miody-huzar.pl\/sklep\/\"},{\"@type\":\"ListItem\",\"position\":3,\"name\":\"Mi\u00f3d polski rzepakowy 600g\"}]},{\"@type\":\"WebSite\",\"@id\":\"https:\/\/miody-huzar.pl\/sklep\/#website\",\"url\":\"https:\/\/miody-huzar.pl\/sklep\/\",\"name\":\"Sklep Miody Huzar\",\"description\":\"\",\"publisher\":{\"@id\":\"https:\/\/miody-huzar.pl\/sklep\/#organization\"},\"potentialAction\":[{\"@type\":\"SearchAction\",\"target\":{\"@type\":\"EntryPoint\",\"urlTemplate\":\"https:\/\/miody-huzar.pl\/sklep\/?s={search_term_string}\"},\"query-input\":{\"@type\":\"PropertyValueSpecification\",\"valueRequired\":true,\"valueName\":\"search_term_string\"}}],\"inLanguage\":\"pl-PL\"},{\"@type\":\"Organization\",\"@id\":\"https:\/\/miody-huzar.pl\/sklep\/#organization\",\"name\":\"Huzar Sp. z o.o.\",\"url\":\"https:\/\/miody-huzar.pl\/sklep\/\",\"logo\":{\"@type\":\"ImageObject\",\"inLanguage\":\"pl-PL\",\"@id\":\"https:\/\/miody-huzar.pl\/sklep\/#\/schema\/logo\/image\/\",\"url\":\"https:\/\/miody-huzar.pl\/sklep\/wp-content\/uploads\/2026\/02\/cropped-logo-Huzar-33.png\",\"contentUrl\":\"https:\/\/miody-huzar.pl\/sklep\/wp-content\/uploads\/2026\/02\/cropped-logo-Huzar-33.png\",\"width\":1826,\"height\":342,\"caption\":\"Huzar Sp. z o.o.\"},\"image\":{\"@id\":\"https:\/\/miody-huzar.pl\/sklep\/#\/schema\/logo\/image\/\"},\"sameAs\":[\"https:\/\/www.facebook.com\/miodyhuzar\/\",\"https:\/\/www.instagram.com\/miodyhuzar\/\",\"https:\/\/www.linkedin.com\/company\/miody-huzar\/\"]}]}<\/script>\n<!-- \/ Yoast SEO plugin. -->","yoast_head_json":{"title":"Mi\u00f3d polski rzepakowy 600g - Sklep Miody Huzar","description":"Mi\u00f3d nektarowy rzepakowy\u00a0charakteryzuje si\u0119 jasnym odcieniem oraz delikatnym, s\u0142odkim smakiem i aromatem kwiat\u00f3w rzepaku.","robots":{"index":"index","follow":"follow","max-snippet":"max-snippet:-1","max-image-preview":"max-image-preview:large","max-video-preview":"max-video-preview:-1"},"canonical":"https:\/\/miody-huzar.pl\/sklep\/produkt\/miod-nektarowy-rzepakowy-600-g\/","og_locale":"pl_PL","og_type":"article","og_title":"Mi\u00f3d polski rzepakowy 600g - Sklep Miody Huzar","og_description":"Mi\u00f3d nektarowy rzepakowy\u00a0charakteryzuje si\u0119 jasnym odcieniem oraz delikatnym, s\u0142odkim smakiem i aromatem kwiat\u00f3w rzepaku.","og_url":"https:\/\/miody-huzar.pl\/sklep\/produkt\/miod-nektarowy-rzepakowy-600-g\/","og_site_name":"Sklep Miody Huzar","article_publisher":"https:\/\/www.facebook.com\/miodyhuzar\/","article_modified_time":"2025-08-27T08:07:48+00:00","og_image":[{"width":800,"height":1000,"url":"https:\/\/miody-huzar.pl\/sklep\/wp-content\/uploads\/2023\/05\/miod-polski-rzepakowy-600-PL.png","type":"image\/png"}],"twitter_card":"summary_large_image","twitter_misc":{"Szacowany czas czytania":"2 minuty"},"schema":{"@context":"https:\/\/schema.org","@graph":[{"@type":"WebPage","@id":"https:\/\/miody-huzar.pl\/sklep\/produkt\/miod-nektarowy-rzepakowy-600-g\/","url":"https:\/\/miody-huzar.pl\/sklep\/produkt\/miod-nektarowy-rzepakowy-600-g\/","name":"Mi\u00f3d polski rzepakowy 600g - Sklep Miody Huzar","isPartOf":{"@id":"https:\/\/miody-huzar.pl\/sklep\/#website"},"primaryImageOfPage":{"@id":"https:\/\/miody-huzar.pl\/sklep\/produkt\/miod-nektarowy-rzepakowy-600-g\/#primaryimage"},"image":{"@id":"https:\/\/miody-huzar.pl\/sklep\/produkt\/miod-nektarowy-rzepakowy-600-g\/#primaryimage"},"thumbnailUrl":"https:\/\/miody-huzar.pl\/sklep\/wp-content\/uploads\/2023\/05\/miod-polski-rzepakowy-600-PL.png","datePublished":"2023-05-25T10:10:22+00:00","dateModified":"2025-08-27T08:07:48+00:00","description":"Mi\u00f3d nektarowy rzepakowy\u00a0charakteryzuje si\u0119 jasnym odcieniem oraz delikatnym, s\u0142odkim smakiem i aromatem kwiat\u00f3w rzepaku.","breadcrumb":{"@id":"https:\/\/miody-huzar.pl\/sklep\/produkt\/miod-nektarowy-rzepakowy-600-g\/#breadcrumb"},"inLanguage":"pl-PL","potentialAction":[{"@type":"ReadAction","target":["https:\/\/miody-huzar.pl\/sklep\/produkt\/miod-nektarowy-rzepakowy-600-g\/"]}]},{"@type":"ImageObject","inLanguage":"pl-PL","@id":"https:\/\/miody-huzar.pl\/sklep\/produkt\/miod-nektarowy-rzepakowy-600-g\/#primaryimage","url":"https:\/\/miody-huzar.pl\/sklep\/wp-content\/uploads\/2023\/05\/miod-polski-rzepakowy-600-PL.png","contentUrl":"https:\/\/miody-huzar.pl\/sklep\/wp-content\/uploads\/2023\/05\/miod-polski-rzepakowy-600-PL.png","width":800,"height":1000},{"@type":"BreadcrumbList","@id":"https:\/\/miody-huzar.pl\/sklep\/produkt\/miod-nektarowy-rzepakowy-600-g\/#breadcrumb","itemListElement":[{"@type":"ListItem","position":1,"name":"Strona g\u0142\u00f3wna","item":"https:\/\/miody-huzar.pl\/sklep\/"},{"@type":"ListItem","position":2,"name":"Miody HUZAR","item":"https:\/\/miody-huzar.pl\/sklep\/"},{"@type":"ListItem","position":3,"name":"Mi\u00f3d polski rzepakowy 600g"}]},{"@type":"WebSite","@id":"https:\/\/miody-huzar.pl\/sklep\/#website","url":"https:\/\/miody-huzar.pl\/sklep\/","name":"Sklep Miody Huzar","description":"","publisher":{"@id":"https:\/\/miody-huzar.pl\/sklep\/#organization"},"potentialAction":[{"@type":"SearchAction","target":{"@type":"EntryPoint","urlTemplate":"https:\/\/miody-huzar.pl\/sklep\/?s={search_term_string}"},"query-input":{"@type":"PropertyValueSpecification","valueRequired":true,"valueName":"search_term_string"}}],"inLanguage":"pl-PL"},{"@type":"Organization","@id":"https:\/\/miody-huzar.pl\/sklep\/#organization","name":"Huzar Sp. z o.o.","url":"https:\/\/miody-huzar.pl\/sklep\/","logo":{"@type":"ImageObject","inLanguage":"pl-PL","@id":"https:\/\/miody-huzar.pl\/sklep\/#\/schema\/logo\/image\/","url":"https:\/\/miody-huzar.pl\/sklep\/wp-content\/uploads\/2026\/02\/cropped-logo-Huzar-33.png","contentUrl":"https:\/\/miody-huzar.pl\/sklep\/wp-content\/uploads\/2026\/02\/cropped-logo-Huzar-33.png","width":1826,"height":342,"caption":"Huzar Sp. z o.o."},"image":{"@id":"https:\/\/miody-huzar.pl\/sklep\/#\/schema\/logo\/image\/"},"sameAs":["https:\/\/www.facebook.com\/miodyhuzar\/","https:\/\/www.instagram.com\/miodyhuzar\/","https:\/\/www.linkedin.com\/company\/miody-huzar\/"]}]}},"_links":{"self":[{"href":"https:\/\/miody-huzar.pl\/sklep\/wp-json\/wp\/v2\/product\/91","targetHints":{"allow":["GET"]}}],"collection":[{"href":"https:\/\/miody-huzar.pl\/sklep\/wp-json\/wp\/v2\/product"}],"about":[{"href":"https:\/\/miody-huzar.pl\/sklep\/wp-json\/wp\/v2\/types\/product"}],"wp:featuredmedia":[{"embeddable":true,"href":"https:\/\/miody-huzar.pl\/sklep\/wp-json\/wp\/v2\/media\/951"}],"wp:attachment":[{"href":"https:\/\/miody-huzar.pl\/sklep\/wp-json\/wp\/v2\/media?parent=91"}],"wp:term":[{"taxonomy":"product_brand","embeddable":true,"href":"https:\/\/miody-huzar.pl\/sklep\/wp-json\/wp\/v2\/product_brand?post=91"},{"taxonomy":"product_cat","embeddable":true,"href":"https:\/\/miody-huzar.pl\/sklep\/wp-json\/wp\/v2\/product_cat?post=91"},{"taxonomy":"product_tag","embeddable":true,"href":"https:\/\/miody-huzar.pl\/sklep\/wp-json\/wp\/v2\/product_tag?post=91"}],"curies":[{"name":"wp","href":"https:\/\/api.w.org\/{rel}","templated":true}]}}