{"id":97,"date":"2023-05-25T12:31:43","date_gmt":"2023-05-25T10:31:43","guid":{"rendered":"https:\/\/miody-huzar.pl\/sklep\/?post_type=product&#038;p=97"},"modified":"2026-02-04T13:03:41","modified_gmt":"2026-02-04T12:03:41","slug":"miod-nektarowy-lipowy-400-g","status":"publish","type":"product","link":"https:\/\/miody-huzar.pl\/sklep\/produkt\/miod-nektarowy-lipowy-400-g\/","title":{"rendered":"Mi\u00f3d polski lipowy 400g"},"content":{"rendered":"<h3 style=\"text-align: center;\">Mi\u00f3d nektarowy lipowy<\/h3>\n<h3 style=\"text-align: center;\"><strong>Masa netto:<\/strong> 400 g<\/h3>\n<p style=\"text-align: center;\"><strong>Kraj pochodzenia:<\/strong> Polska<\/p>\n<p style=\"text-align: center;\">Przechowywa\u0107 w suchym i ch\u0142odnym miejscu.<br \/>\nUlega naturalnej krystalizacji.<\/p>\n<p style=\"text-align: center;\">Producent:\u00a0Huzar sp. z o.o. ul. Tarnowska 161 33-300 Nowy S\u0105cz<\/p>\n<p>&nbsp;<\/p>\n<p><img loading=\"lazy\" decoding=\"async\" class=\"size-medium wp-image-652 aligncenter\" src=\"https:\/\/miody-huzar.pl\/sklep\/wp-content\/uploads\/2023\/08\/Tabela-wartosci-Miod-Lipowy-300x254.jpg\" alt=\"\" width=\"300\" height=\"254\" srcset=\"https:\/\/miody-huzar.pl\/sklep\/wp-content\/uploads\/2023\/08\/Tabela-wartosci-Miod-Lipowy-300x254.jpg 300w, https:\/\/miody-huzar.pl\/sklep\/wp-content\/uploads\/2023\/08\/Tabela-wartosci-Miod-Lipowy-1024x866.jpg 1024w, https:\/\/miody-huzar.pl\/sklep\/wp-content\/uploads\/2023\/08\/Tabela-wartosci-Miod-Lipowy-768x650.jpg 768w, https:\/\/miody-huzar.pl\/sklep\/wp-content\/uploads\/2023\/08\/Tabela-wartosci-Miod-Lipowy-324x274.jpg 324w, https:\/\/miody-huzar.pl\/sklep\/wp-content\/uploads\/2023\/08\/Tabela-wartosci-Miod-Lipowy-416x352.jpg 416w, https:\/\/miody-huzar.pl\/sklep\/wp-content\/uploads\/2023\/08\/Tabela-wartosci-Miod-Lipowy.jpg 1303w\" sizes=\"auto, (max-width: 300px) 100vw, 300px\" \/><\/p>\n","protected":false},"excerpt":{"rendered":"<p>Mi\u00f3d nektarowy lipowy to jedna z najbardziej aromatycznych odmian miodu. Pochodzi z nektaru kwiat\u00f3w lipy, kt\u00f3rej zawdzi\u0119cza sw\u00f3j niepowtarzalny smak i zapach. Mi\u00f3d lipowy wyr\u00f3\u017cnia si\u0119 jasno\u017c\u00f3\u0142t\u0105 lub z\u0142ocist\u0105 barw\u0105, kt\u00f3ra mo\u017ce by\u0107 przejrzysta lub lekko m\u0119tna, w zale\u017cno\u015bci od sposobu pozyskania w pasiece. Ma nie tylko wspania\u0142y smak, ale tak\u017ce wiele korzystnych w\u0142a\u015bciwo\u015bci zdrowotnych. Pomaga si\u0119 rozgrza\u0107 w ch\u0142odne dni, wzmacnia i uspokaja. Tradycyjnie polecany jest w profilaktyce przezi\u0119bie\u0144 i okresach zwi\u0119kszonej zachorowalno\u015bci na gryp\u0119.<\/p>\n<p>Warto wspomnie\u0107, \u017ce mi\u00f3d lipowy doskonale komponuje si\u0119 z r\u00f3\u017cnymi potrawami i napojami. Mo\u017cesz doda\u0107 go do herbaty, sa\u0142atek, a nawet u\u017cywa\u0107 jako naturalny s\u0142odzik w deserach. Jego wyj\u0105tkowy smak wzbogaci Twoje kulinarne do\u015bwiadczenia.<\/p>\n<p><a href=\"https:\/\/miody-huzar.pl\/miod-lipowy\/\">Wi\u0119cej o miodzie lipowym przeczytasz na naszym blogu.<\/a><\/p>\n","protected":false},"featured_media":983,"template":"","meta":{"_acf_changed":false},"product_brand":[],"product_cat":[16,31],"product_tag":[22,21,20],"class_list":{"0":"post-97","1":"product","2":"type-product","3":"status-publish","4":"has-post-thumbnail","6":"product_cat-miody-polskie","7":"product_cat-miody","8":"product_tag-miod-lipowy","9":"product_tag-miod-polski","10":"product_tag-miody-polskie","11":"pif-has-gallery","13":"first","14":"instock","15":"shipping-taxable","16":"purchasable","17":"product-type-simple"},"acf":[],"yoast_head":"<!-- This site is optimized with the Yoast SEO plugin v24.8.1 - https:\/\/yoast.com\/wordpress\/plugins\/seo\/ -->\n<title>Mi\u00f3d polski lipowy 400g - Sklep Miody Huzar<\/title>\n<meta name=\"description\" content=\"Mi\u00f3d nektarowy lipowy to jedna z najbardziej aromatycznych odmian miodu. Ma nie tylko wspania\u0142y smak, ale tak\u017ce wiele korzystnych w\u0142a\u015bciwo\u015bci zdrowotnych.\" \/>\n<meta name=\"robots\" content=\"index, follow, max-snippet:-1, max-image-preview:large, max-video-preview:-1\" \/>\n<link rel=\"canonical\" href=\"https:\/\/miody-huzar.pl\/sklep\/produkt\/miod-nektarowy-lipowy-400-g\/\" \/>\n<meta property=\"og:locale\" content=\"pl_PL\" \/>\n<meta property=\"og:type\" content=\"article\" \/>\n<meta property=\"og:title\" content=\"Mi\u00f3d polski lipowy 400g - Sklep Miody Huzar\" \/>\n<meta property=\"og:description\" content=\"Mi\u00f3d nektarowy lipowy to jedna z najbardziej aromatycznych odmian miodu. Ma nie tylko wspania\u0142y smak, ale tak\u017ce wiele korzystnych w\u0142a\u015bciwo\u015bci zdrowotnych.\" \/>\n<meta property=\"og:url\" content=\"https:\/\/miody-huzar.pl\/sklep\/produkt\/miod-nektarowy-lipowy-400-g\/\" \/>\n<meta property=\"og:site_name\" content=\"Sklep Miody Huzar\" \/>\n<meta property=\"article:publisher\" content=\"https:\/\/www.facebook.com\/miodyhuzar\/\" \/>\n<meta property=\"article:modified_time\" content=\"2026-02-04T12:03:41+00:00\" \/>\n<meta property=\"og:image\" content=\"https:\/\/miody-huzar.pl\/sklep\/wp-content\/uploads\/2023\/05\/Miody-Polskie-lipowy-POL.jpg\" \/>\n\t<meta property=\"og:image:width\" content=\"800\" \/>\n\t<meta property=\"og:image:height\" content=\"1000\" \/>\n\t<meta property=\"og:image:type\" content=\"image\/jpeg\" \/>\n<meta name=\"twitter:card\" content=\"summary_large_image\" \/>\n<meta name=\"twitter:label1\" content=\"Szacowany czas czytania\" \/>\n\t<meta name=\"twitter:data1\" content=\"1 minuta\" \/>\n<script type=\"application\/ld+json\" class=\"yoast-schema-graph\">{\"@context\":\"https:\/\/schema.org\",\"@graph\":[{\"@type\":\"WebPage\",\"@id\":\"https:\/\/miody-huzar.pl\/sklep\/produkt\/miod-nektarowy-lipowy-400-g\/\",\"url\":\"https:\/\/miody-huzar.pl\/sklep\/produkt\/miod-nektarowy-lipowy-400-g\/\",\"name\":\"Mi\u00f3d polski lipowy 400g - Sklep Miody Huzar\",\"isPartOf\":{\"@id\":\"https:\/\/miody-huzar.pl\/sklep\/#website\"},\"primaryImageOfPage\":{\"@id\":\"https:\/\/miody-huzar.pl\/sklep\/produkt\/miod-nektarowy-lipowy-400-g\/#primaryimage\"},\"image\":{\"@id\":\"https:\/\/miody-huzar.pl\/sklep\/produkt\/miod-nektarowy-lipowy-400-g\/#primaryimage\"},\"thumbnailUrl\":\"https:\/\/miody-huzar.pl\/sklep\/wp-content\/uploads\/2023\/05\/Miody-Polskie-lipowy-POL.jpg\",\"datePublished\":\"2023-05-25T10:31:43+00:00\",\"dateModified\":\"2026-02-04T12:03:41+00:00\",\"description\":\"Mi\u00f3d nektarowy lipowy to jedna z najbardziej aromatycznych odmian miodu. Ma nie tylko wspania\u0142y smak, ale tak\u017ce wiele korzystnych w\u0142a\u015bciwo\u015bci zdrowotnych.\",\"breadcrumb\":{\"@id\":\"https:\/\/miody-huzar.pl\/sklep\/produkt\/miod-nektarowy-lipowy-400-g\/#breadcrumb\"},\"inLanguage\":\"pl-PL\",\"potentialAction\":[{\"@type\":\"ReadAction\",\"target\":[\"https:\/\/miody-huzar.pl\/sklep\/produkt\/miod-nektarowy-lipowy-400-g\/\"]}]},{\"@type\":\"ImageObject\",\"inLanguage\":\"pl-PL\",\"@id\":\"https:\/\/miody-huzar.pl\/sklep\/produkt\/miod-nektarowy-lipowy-400-g\/#primaryimage\",\"url\":\"https:\/\/miody-huzar.pl\/sklep\/wp-content\/uploads\/2023\/05\/Miody-Polskie-lipowy-POL.jpg\",\"contentUrl\":\"https:\/\/miody-huzar.pl\/sklep\/wp-content\/uploads\/2023\/05\/Miody-Polskie-lipowy-POL.jpg\",\"width\":800,\"height\":1000},{\"@type\":\"BreadcrumbList\",\"@id\":\"https:\/\/miody-huzar.pl\/sklep\/produkt\/miod-nektarowy-lipowy-400-g\/#breadcrumb\",\"itemListElement\":[{\"@type\":\"ListItem\",\"position\":1,\"name\":\"Strona g\u0142\u00f3wna\",\"item\":\"https:\/\/miody-huzar.pl\/sklep\/\"},{\"@type\":\"ListItem\",\"position\":2,\"name\":\"Miody HUZAR\",\"item\":\"https:\/\/miody-huzar.pl\/sklep\/\"},{\"@type\":\"ListItem\",\"position\":3,\"name\":\"Mi\u00f3d polski lipowy 400g\"}]},{\"@type\":\"WebSite\",\"@id\":\"https:\/\/miody-huzar.pl\/sklep\/#website\",\"url\":\"https:\/\/miody-huzar.pl\/sklep\/\",\"name\":\"Sklep Miody Huzar\",\"description\":\"\",\"publisher\":{\"@id\":\"https:\/\/miody-huzar.pl\/sklep\/#organization\"},\"potentialAction\":[{\"@type\":\"SearchAction\",\"target\":{\"@type\":\"EntryPoint\",\"urlTemplate\":\"https:\/\/miody-huzar.pl\/sklep\/?s={search_term_string}\"},\"query-input\":{\"@type\":\"PropertyValueSpecification\",\"valueRequired\":true,\"valueName\":\"search_term_string\"}}],\"inLanguage\":\"pl-PL\"},{\"@type\":\"Organization\",\"@id\":\"https:\/\/miody-huzar.pl\/sklep\/#organization\",\"name\":\"Huzar Sp. z o.o.\",\"url\":\"https:\/\/miody-huzar.pl\/sklep\/\",\"logo\":{\"@type\":\"ImageObject\",\"inLanguage\":\"pl-PL\",\"@id\":\"https:\/\/miody-huzar.pl\/sklep\/#\/schema\/logo\/image\/\",\"url\":\"https:\/\/miody-huzar.pl\/sklep\/wp-content\/uploads\/2026\/02\/cropped-logo-Huzar-33.png\",\"contentUrl\":\"https:\/\/miody-huzar.pl\/sklep\/wp-content\/uploads\/2026\/02\/cropped-logo-Huzar-33.png\",\"width\":1826,\"height\":342,\"caption\":\"Huzar Sp. z o.o.\"},\"image\":{\"@id\":\"https:\/\/miody-huzar.pl\/sklep\/#\/schema\/logo\/image\/\"},\"sameAs\":[\"https:\/\/www.facebook.com\/miodyhuzar\/\",\"https:\/\/www.instagram.com\/miodyhuzar\/\",\"https:\/\/www.linkedin.com\/company\/miody-huzar\/\"]}]}<\/script>\n<!-- \/ Yoast SEO plugin. -->","yoast_head_json":{"title":"Mi\u00f3d polski lipowy 400g - Sklep Miody Huzar","description":"Mi\u00f3d nektarowy lipowy to jedna z najbardziej aromatycznych odmian miodu. Ma nie tylko wspania\u0142y smak, ale tak\u017ce wiele korzystnych w\u0142a\u015bciwo\u015bci zdrowotnych.","robots":{"index":"index","follow":"follow","max-snippet":"max-snippet:-1","max-image-preview":"max-image-preview:large","max-video-preview":"max-video-preview:-1"},"canonical":"https:\/\/miody-huzar.pl\/sklep\/produkt\/miod-nektarowy-lipowy-400-g\/","og_locale":"pl_PL","og_type":"article","og_title":"Mi\u00f3d polski lipowy 400g - Sklep Miody Huzar","og_description":"Mi\u00f3d nektarowy lipowy to jedna z najbardziej aromatycznych odmian miodu. Ma nie tylko wspania\u0142y smak, ale tak\u017ce wiele korzystnych w\u0142a\u015bciwo\u015bci zdrowotnych.","og_url":"https:\/\/miody-huzar.pl\/sklep\/produkt\/miod-nektarowy-lipowy-400-g\/","og_site_name":"Sklep Miody Huzar","article_publisher":"https:\/\/www.facebook.com\/miodyhuzar\/","article_modified_time":"2026-02-04T12:03:41+00:00","og_image":[{"width":800,"height":1000,"url":"https:\/\/miody-huzar.pl\/sklep\/wp-content\/uploads\/2023\/05\/Miody-Polskie-lipowy-POL.jpg","type":"image\/jpeg"}],"twitter_card":"summary_large_image","twitter_misc":{"Szacowany czas czytania":"1 minuta"},"schema":{"@context":"https:\/\/schema.org","@graph":[{"@type":"WebPage","@id":"https:\/\/miody-huzar.pl\/sklep\/produkt\/miod-nektarowy-lipowy-400-g\/","url":"https:\/\/miody-huzar.pl\/sklep\/produkt\/miod-nektarowy-lipowy-400-g\/","name":"Mi\u00f3d polski lipowy 400g - Sklep Miody Huzar","isPartOf":{"@id":"https:\/\/miody-huzar.pl\/sklep\/#website"},"primaryImageOfPage":{"@id":"https:\/\/miody-huzar.pl\/sklep\/produkt\/miod-nektarowy-lipowy-400-g\/#primaryimage"},"image":{"@id":"https:\/\/miody-huzar.pl\/sklep\/produkt\/miod-nektarowy-lipowy-400-g\/#primaryimage"},"thumbnailUrl":"https:\/\/miody-huzar.pl\/sklep\/wp-content\/uploads\/2023\/05\/Miody-Polskie-lipowy-POL.jpg","datePublished":"2023-05-25T10:31:43+00:00","dateModified":"2026-02-04T12:03:41+00:00","description":"Mi\u00f3d nektarowy lipowy to jedna z najbardziej aromatycznych odmian miodu. Ma nie tylko wspania\u0142y smak, ale tak\u017ce wiele korzystnych w\u0142a\u015bciwo\u015bci zdrowotnych.","breadcrumb":{"@id":"https:\/\/miody-huzar.pl\/sklep\/produkt\/miod-nektarowy-lipowy-400-g\/#breadcrumb"},"inLanguage":"pl-PL","potentialAction":[{"@type":"ReadAction","target":["https:\/\/miody-huzar.pl\/sklep\/produkt\/miod-nektarowy-lipowy-400-g\/"]}]},{"@type":"ImageObject","inLanguage":"pl-PL","@id":"https:\/\/miody-huzar.pl\/sklep\/produkt\/miod-nektarowy-lipowy-400-g\/#primaryimage","url":"https:\/\/miody-huzar.pl\/sklep\/wp-content\/uploads\/2023\/05\/Miody-Polskie-lipowy-POL.jpg","contentUrl":"https:\/\/miody-huzar.pl\/sklep\/wp-content\/uploads\/2023\/05\/Miody-Polskie-lipowy-POL.jpg","width":800,"height":1000},{"@type":"BreadcrumbList","@id":"https:\/\/miody-huzar.pl\/sklep\/produkt\/miod-nektarowy-lipowy-400-g\/#breadcrumb","itemListElement":[{"@type":"ListItem","position":1,"name":"Strona g\u0142\u00f3wna","item":"https:\/\/miody-huzar.pl\/sklep\/"},{"@type":"ListItem","position":2,"name":"Miody HUZAR","item":"https:\/\/miody-huzar.pl\/sklep\/"},{"@type":"ListItem","position":3,"name":"Mi\u00f3d polski lipowy 400g"}]},{"@type":"WebSite","@id":"https:\/\/miody-huzar.pl\/sklep\/#website","url":"https:\/\/miody-huzar.pl\/sklep\/","name":"Sklep Miody Huzar","description":"","publisher":{"@id":"https:\/\/miody-huzar.pl\/sklep\/#organization"},"potentialAction":[{"@type":"SearchAction","target":{"@type":"EntryPoint","urlTemplate":"https:\/\/miody-huzar.pl\/sklep\/?s={search_term_string}"},"query-input":{"@type":"PropertyValueSpecification","valueRequired":true,"valueName":"search_term_string"}}],"inLanguage":"pl-PL"},{"@type":"Organization","@id":"https:\/\/miody-huzar.pl\/sklep\/#organization","name":"Huzar Sp. z o.o.","url":"https:\/\/miody-huzar.pl\/sklep\/","logo":{"@type":"ImageObject","inLanguage":"pl-PL","@id":"https:\/\/miody-huzar.pl\/sklep\/#\/schema\/logo\/image\/","url":"https:\/\/miody-huzar.pl\/sklep\/wp-content\/uploads\/2026\/02\/cropped-logo-Huzar-33.png","contentUrl":"https:\/\/miody-huzar.pl\/sklep\/wp-content\/uploads\/2026\/02\/cropped-logo-Huzar-33.png","width":1826,"height":342,"caption":"Huzar Sp. z o.o."},"image":{"@id":"https:\/\/miody-huzar.pl\/sklep\/#\/schema\/logo\/image\/"},"sameAs":["https:\/\/www.facebook.com\/miodyhuzar\/","https:\/\/www.instagram.com\/miodyhuzar\/","https:\/\/www.linkedin.com\/company\/miody-huzar\/"]}]}},"_links":{"self":[{"href":"https:\/\/miody-huzar.pl\/sklep\/wp-json\/wp\/v2\/product\/97","targetHints":{"allow":["GET"]}}],"collection":[{"href":"https:\/\/miody-huzar.pl\/sklep\/wp-json\/wp\/v2\/product"}],"about":[{"href":"https:\/\/miody-huzar.pl\/sklep\/wp-json\/wp\/v2\/types\/product"}],"wp:featuredmedia":[{"embeddable":true,"href":"https:\/\/miody-huzar.pl\/sklep\/wp-json\/wp\/v2\/media\/983"}],"wp:attachment":[{"href":"https:\/\/miody-huzar.pl\/sklep\/wp-json\/wp\/v2\/media?parent=97"}],"wp:term":[{"taxonomy":"product_brand","embeddable":true,"href":"https:\/\/miody-huzar.pl\/sklep\/wp-json\/wp\/v2\/product_brand?post=97"},{"taxonomy":"product_cat","embeddable":true,"href":"https:\/\/miody-huzar.pl\/sklep\/wp-json\/wp\/v2\/product_cat?post=97"},{"taxonomy":"product_tag","embeddable":true,"href":"https:\/\/miody-huzar.pl\/sklep\/wp-json\/wp\/v2\/product_tag?post=97"}],"curies":[{"name":"wp","href":"https:\/\/api.w.org\/{rel}","templated":true}]}}